{"id":744,"date":"2025-01-29T16:44:43","date_gmt":"2025-01-29T15:44:43","guid":{"rendered":"https:\/\/www.growretail.com\/mision-vision\/"},"modified":"2025-04-10T18:44:12","modified_gmt":"2025-04-10T16:44:12","slug":"mision-vision","status":"publish","type":"page","link":"https:\/\/www.growretail.com\/ca\/mision-vision\/","title":{"rendered":"Missi\u00f3 &#8211; Visi\u00f3"},"content":{"rendered":"<div id=\"pl-744\"  class=\"panel-layout\" ><div id=\"pg-744-0\"  class=\"panel-grid panel-no-style\" ><div id=\"pgc-744-0-0\"  class=\"panel-grid-cell\" ><div id=\"panel-744-0-0-0\" class=\"so-panel widget widget_sow-image panel-first-child panel-last-child\" data-index=\"0\" ><div\n\t\t\t\n\t\t\tclass=\"so-widget-sow-image so-widget-sow-image-default-8b5b6f678277-744\"\n\t\t\t\n\t\t>\n<div class=\"sow-image-container\">\n\t\t<img \n\tsrc=\"https:\/\/www.growretail.com\/wp-content\/uploads\/2025\/01\/MisionVisionGrowRetail-1200x400-1.jpg\" width=\"1200\" height=\"400\" srcset=\"https:\/\/www.growretail.com\/wp-content\/uploads\/2025\/01\/MisionVisionGrowRetail-1200x400-1.jpg 1200w, https:\/\/www.growretail.com\/wp-content\/uploads\/2025\/01\/MisionVisionGrowRetail-1200x400-1-300x100.jpg 300w, https:\/\/www.growretail.com\/wp-content\/uploads\/2025\/01\/MisionVisionGrowRetail-1200x400-1-1024x341.jpg 1024w, https:\/\/www.growretail.com\/wp-content\/uploads\/2025\/01\/MisionVisionGrowRetail-1200x400-1-768x256.jpg 768w, https:\/\/www.growretail.com\/wp-content\/uploads\/2025\/01\/MisionVisionGrowRetail-1200x400-1-904x301.jpg 904w\" sizes=\"(max-width: 1200px) 100vw, 1200px\" title=\"Missi\u00f3 - Visi\u00f3\" alt=\"\" \t\tclass=\"so-widget-image\"\/>\n\t<\/div>\n\n<\/div><\/div><\/div><\/div><div id=\"pg-744-1\"  class=\"panel-grid panel-no-style\" ><div id=\"pgc-744-1-0\"  class=\"panel-grid-cell\" ><div id=\"panel-744-1-0-0\" class=\"so-panel widget widget_text panel-first-child panel-last-child\" data-index=\"1\" >\t\t\t<div class=\"textwidget\"><p style=\"text-align: justify; color: #660066; font-size: large;\"><u>Missi\u00f3n<\/u><\/p>\n<p style=\"text-align: justify; color: #660066; font-size: normal;\"><b>Som una consultora focalitzada en retail que ofereix un servei integral d\u2019an\u00e0lisi, valoraci\u00f3, prospecci\u00f3 i selecci\u00f3, tancament contractual i Project Management dels punts de venda m\u00e9s concordes amb les necessitats i els formats de cada client.<\/b><\/p>\n<p style=\"text-align: justify; color: #660066; font-size: large;\"><u>Visi\u00f3<\/u><\/p>\n<p style=\"text-align: justify; color: #666666; font-size: normal;\">Ens volem convertir en els <span style=\"color: #660066;\"><b>PRESCRIPTORS<\/b><\/span> externs de les companyies de retail que sintonitzin amb la import\u00e0ncia d\u2019aquesta figura com a garantia d\u2019\u00e8xit per als seus plans d\u2019expansi\u00f3.<br \/>\nPretenem ser una eina \u00fatil d\u2019outsourcing que serveixi de garantia als clients potencials per al seu creixement org\u00e0nic.<br \/>\nAnalitzem i interpretem les realitats canviants del mercat, fem propostes d\u2019ubicaci\u00f3 sobre la base de rigorosos estudis d\u2019entorn comercial, nivell socioecon\u00f2mic, h\u00e0bits de consum i desenvolupaments poblacionals i, naturalment, incorporant-hi l\u2019experi\u00e8ncia i el know-how de les companyies que confien en els nostres serveis.<\/p>\n<\/div>\n\t\t<\/div><\/div><\/div><div id=\"pg-744-2\"  class=\"panel-grid panel-no-style\" ><div id=\"pgc-744-2-0\"  class=\"panel-grid-cell\" ><div id=\"panel-744-2-0-0\" class=\"widget_text so-panel widget widget_custom_html panel-first-child panel-last-child\" data-index=\"2\" ><div class=\"widget_text panel-widget-style panel-widget-style-for-744-2-0-0\" ><div class=\"textwidget custom-html-widget\"><p style=\"text-align: center; font-size: 1em;\"><a href=\"https:\/\/www.growretail.com\/ca\/politica-de-privacitat\/\">Pol\u00edtica de privacitat<\/a> - <a href=\"https:\/\/www.growretail.com\/ca\/politica-de-galetes\/\">Pol\u00edtica de galetes<\/a> - <a href=\"https:\/\/www.growretail.com\/ca\/nota-legal\/\">Nota legal<\/a><\/p><\/div><\/div><\/div><\/div><\/div><\/div>","protected":false},"excerpt":{"rendered":"<p>Missi\u00f3n Som una consultora focalitzada en retail que ofereix un servei integral d\u2019an\u00e0lisi, valoraci\u00f3, prospecci\u00f3 i selecci\u00f3, tancament contractual i Project Management dels punts de venda m\u00e9s concordes amb les necessitats i els formats de cada client. Visi\u00f3 Ens volem convertir en els PRESCRIPTORS externs de les companyies de retail que sintonitzin amb la import\u00e0ncia [&hellip;]<\/p>\n","protected":false},"author":6,"featured_media":0,"parent":0,"menu_order":0,"comment_status":"closed","ping_status":"closed","template":"","meta":{"footnotes":""},"class_list":["post-744","page","type-page","status-publish","hentry"],"_links":{"self":[{"href":"https:\/\/www.growretail.com\/ca\/wp-json\/wp\/v2\/pages\/744","targetHints":{"allow":["GET"]}}],"collection":[{"href":"https:\/\/www.growretail.com\/ca\/wp-json\/wp\/v2\/pages"}],"about":[{"href":"https:\/\/www.growretail.com\/ca\/wp-json\/wp\/v2\/types\/page"}],"author":[{"embeddable":true,"href":"https:\/\/www.growretail.com\/ca\/wp-json\/wp\/v2\/users\/6"}],"replies":[{"embeddable":true,"href":"https:\/\/www.growretail.com\/ca\/wp-json\/wp\/v2\/comments?post=744"}],"version-history":[{"count":3,"href":"https:\/\/www.growretail.com\/ca\/wp-json\/wp\/v2\/pages\/744\/revisions"}],"predecessor-version":[{"id":750,"href":"https:\/\/www.growretail.com\/ca\/wp-json\/wp\/v2\/pages\/744\/revisions\/750"}],"wp:attachment":[{"href":"https:\/\/www.growretail.com\/ca\/wp-json\/wp\/v2\/media?parent=744"}],"curies":[{"name":"wp","href":"https:\/\/api.w.org\/{rel}","templated":true}]}}