{"id":736,"date":"2025-01-29T16:56:23","date_gmt":"2025-01-29T15:56:23","guid":{"rendered":"https:\/\/www.growretail.com\/valores\/"},"modified":"2025-04-10T19:00:40","modified_gmt":"2025-04-10T17:00:40","slug":"valores","status":"publish","type":"page","link":"https:\/\/www.growretail.com\/ca\/valores\/","title":{"rendered":"Valors"},"content":{"rendered":"<div id=\"pl-736\"  class=\"panel-layout\" ><div id=\"pg-736-0\"  class=\"panel-grid panel-no-style\" ><div id=\"pgc-736-0-0\"  class=\"panel-grid-cell\" ><div id=\"panel-736-0-0-0\" class=\"so-panel widget widget_sow-image panel-first-child panel-last-child\" data-index=\"0\" ><div\n\t\t\t\n\t\t\tclass=\"so-widget-sow-image so-widget-sow-image-default-c67d20f9f743-736\"\n\t\t\t\n\t\t>\n<div class=\"sow-image-container\">\n\t\t<img \n\tsrc=\"https:\/\/www.growretail.com\/wp-content\/uploads\/2025\/03\/ValoresGrowRetail-1200x400-3.jpg\" width=\"1200\" height=\"400\" srcset=\"https:\/\/www.growretail.com\/wp-content\/uploads\/2025\/03\/ValoresGrowRetail-1200x400-3.jpg 1200w, https:\/\/www.growretail.com\/wp-content\/uploads\/2025\/03\/ValoresGrowRetail-1200x400-3-300x100.jpg 300w, https:\/\/www.growretail.com\/wp-content\/uploads\/2025\/03\/ValoresGrowRetail-1200x400-3-1024x341.jpg 1024w, https:\/\/www.growretail.com\/wp-content\/uploads\/2025\/03\/ValoresGrowRetail-1200x400-3-768x256.jpg 768w, https:\/\/www.growretail.com\/wp-content\/uploads\/2025\/03\/ValoresGrowRetail-1200x400-3-904x301.jpg 904w\" sizes=\"(max-width: 1200px) 100vw, 1200px\" title=\"Valors\" alt=\"\" \t\tclass=\"so-widget-image\"\/>\n\t<\/div>\n\n<\/div><\/div><\/div><\/div><div id=\"pg-736-1\"  class=\"panel-grid panel-no-style\" ><div id=\"pgc-736-1-0\"  class=\"panel-grid-cell\" ><div id=\"panel-736-1-0-0\" class=\"so-panel widget widget_text panel-first-child panel-last-child\" data-index=\"1\" >\t\t\t<div class=\"textwidget\"><p style=\"text-align: justify; color: #666666; font-size: normal;\">Els principis i els valors configuren la base de la nostra cultura corporativa i s\u00f3n, a m\u00e9s de la nostra guia d\u2019actuaci\u00f3, el criteri de selecci\u00f3 principal que apliquem rigorosament a l\u2019hora de seleccionar els nostres equips i col\u00b7laboradors:<\/p>\n<\/div>\n\t\t<\/div><\/div><\/div><div id=\"pg-736-2\"  class=\"panel-grid panel-has-style\" ><div class=\"panel-row-style panel-row-style-for-736-2\" ><div id=\"pgc-736-2-0\"  class=\"panel-grid-cell\" ><div id=\"panel-736-2-0-0\" class=\"so-panel widget widget_text panel-first-child panel-last-child\" data-index=\"2\" >\t\t\t<div class=\"textwidget\"><p style=\"text-align: justify; color: #660066; font-size: normal;\"><b>Retail lovers:<\/b><br \/>\n<span style=\"color: #666666;\">Sentim passi\u00f3 pel retail, som enormement clars en les propostes, entusiastes, curiosos, creatius, desafiants, molt centrats i, certament addictes al RETAIL.<\/span><\/p>\n<p style=\"text-align: justify; color: #660066; font-size: normal;\"><b>Responsabilitat:<\/b><br \/>\n<span style=\"color: #666666;\">El nostre comprom\u00eds amb els interessos dels clients \u00e9s la nostra prioritat principal,<br \/>i aconseguir que els clients assoleixin els objectius \u00e9s la nostra ra\u00f3 de ser.<\/span><\/p>\n<p style=\"text-align: justify; color: #660066; font-size: normal;\"><b>Talent:<\/b><br \/>\n<span style=\"color: #666666;\">Creiem que el talent \u00e9s innat i que es desenvolupa amb el temps ben usat, per\u00f2 sobretot, que t\u00e9 molt a veure amb all\u00f2 que ens apassiona. A GROW RETAIL gaudim amb la feina, amb la missi\u00f3 i amb la visi\u00f3 de companyia que volem desenvolupar. <\/span><\/p>\n<p style=\"text-align: justify; color: #660066; font-size: normal;\"><b>Rigor:<\/b><br \/>\n<span style=\"color: #666666;\">Perseguim l\u2019excel\u00b7l\u00e8ncia, el rigor i la qualitat. Busquem superar les expectatives dels clients en tot all\u00f2 que fem. <\/span><\/p>\n<p style=\"text-align: justify; color: #660066; font-size: normal;\"><b>Integritat i independ\u00e8ncia de criteri:<\/b><br \/>\n<span style=\"color: #666666;\">Les nostres accions i recomanacions es caracteritzen per una visi\u00f3 realista i pragm\u00e0tica, per la qual cosa la transpar\u00e8ncia i l\u2019inter\u00e8s dels clients prevaldran sobre altres criteris que no persegueixin garantir la millor recomanaci\u00f3 per als seus interessos. Aportem visi\u00f3 externa, independent i amb criteri. <\/span><\/p>\n<p style=\"text-align: justify; color: #660066; font-size: normal;\"><b>Confian\u00e7a en les persones:<\/b><br \/>\n<span style=\"color: #666666;\">Invertim en la creaci\u00f3 i el desenvolupament de relacions a llarg termini, basades en la confian\u00e7a i l\u2019aportaci\u00f3 m\u00fatua de valor, tant amb els clients i partners, com amb les persones que formen part del nostre equip.<\/span><\/p>\n<p style=\"text-align: justify; color: #660066; font-size: normal;\"><b>Iniciativa:<\/b><br \/>\n<span style=\"color: #666666;\">El nostre enfocament \u00e9s PROACTIU i EMPRENEDOR. Si, en qualsevol moment, pensem que alguna cosa s\u2019ha de fer d\u2019una altra manera per millorar-ne el resultat, ho proposarem, deixant en segona inst\u00e0ncia un altra mena d\u2019interessos. <\/span><\/p>\n<p style=\"text-align: justify; color: #660066; font-size: normal;\"><b>Flexibilitat:<\/b><br \/>\n<span style=\"color: #666666;\">Creiem que cal saber trobar un equilibri entre el rigor i la fermesa en els nostres plantejaments i recomanacions, per\u00f2 que cal ser flexibles quan la situaci\u00f3 ho requereix, actuant de manera visible o discreta, segons sigui el cas. Ens sabem adaptar amb flexibilitat a les diferents situacions i rols que hem d\u2019exercir en pro dels interessos dels clients. <\/span><\/p>\n<p style=\"text-align: justify; color: #660066; font-size: normal;\"><b>Feina en equip:<\/b><br \/>\n<span style=\"color: #666666;\">Creiem que l\u2019excel\u00b7l\u00e8ncia \u00e9s una fita personal, i que els resultats extraordinaris s\u00f3n, en la major part dels casos, fruit d\u2019una feina en equip en qu\u00e8 cada individu aporta el millor d\u2019ell mateix. Per aix\u00f2 fomentem les bases per a un veritable treball en equip, tant en els nostres processos interns com en els dels nostres clients, partners i col\u00b7laboradors. Per aquest motiu, fixem les bases per a un aut\u00e8ntic treball en equip, tant entre nosaltres i el nostre networking de col\u00b7laboradors com amb els equips de les nostres empreses clients.  <\/span><\/p>\n<\/div>\n\t\t<\/div><\/div><\/div><\/div><div id=\"pg-736-3\"  class=\"panel-grid panel-no-style\" ><div id=\"pgc-736-3-0\"  class=\"panel-grid-cell\" ><div id=\"panel-736-3-0-0\" class=\"widget_text so-panel widget widget_custom_html panel-first-child panel-last-child\" data-index=\"3\" ><div class=\"widget_text panel-widget-style panel-widget-style-for-736-3-0-0\" ><div class=\"textwidget custom-html-widget\"><p style=\"text-align: center; font-size: 1em;\"><a href=\"https:\/\/www.growretail.com\/ca\/politica-de-privacitat\/\">Pol\u00edtica de privacitat<\/a> - <a href=\"https:\/\/www.growretail.com\/ca\/politica-de-galetes\/\">Pol\u00edtica de galetes<\/a> - <a href=\"https:\/\/www.growretail.com\/ca\/nota-legal\/\">Nota legal<\/a><\/p><\/div><\/div><\/div><\/div><\/div><\/div>","protected":false},"excerpt":{"rendered":"<p>Els principis i els valors configuren la base de la nostra cultura corporativa i s\u00f3n, a m\u00e9s de la nostra guia d\u2019actuaci\u00f3, el criteri de selecci\u00f3 principal que apliquem rigorosament a l\u2019hora de seleccionar els nostres equips i col\u00b7laboradors:<\/p>\n","protected":false},"author":6,"featured_media":0,"parent":0,"menu_order":0,"comment_status":"closed","ping_status":"closed","template":"","meta":{"footnotes":""},"class_list":["post-736","page","type-page","status-publish","hentry"],"_links":{"self":[{"href":"https:\/\/www.growretail.com\/ca\/wp-json\/wp\/v2\/pages\/736","targetHints":{"allow":["GET"]}}],"collection":[{"href":"https:\/\/www.growretail.com\/ca\/wp-json\/wp\/v2\/pages"}],"about":[{"href":"https:\/\/www.growretail.com\/ca\/wp-json\/wp\/v2\/types\/page"}],"author":[{"embeddable":true,"href":"https:\/\/www.growretail.com\/ca\/wp-json\/wp\/v2\/users\/6"}],"replies":[{"embeddable":true,"href":"https:\/\/www.growretail.com\/ca\/wp-json\/wp\/v2\/comments?post=736"}],"version-history":[{"count":3,"href":"https:\/\/www.growretail.com\/ca\/wp-json\/wp\/v2\/pages\/736\/revisions"}],"predecessor-version":[{"id":742,"href":"https:\/\/www.growretail.com\/ca\/wp-json\/wp\/v2\/pages\/736\/revisions\/742"}],"wp:attachment":[{"href":"https:\/\/www.growretail.com\/ca\/wp-json\/wp\/v2\/media?parent=736"}],"curies":[{"name":"wp","href":"https:\/\/api.w.org\/{rel}","templated":true}]}}