{"id":728,"date":"2025-01-29T17:29:47","date_gmt":"2025-01-29T16:29:47","guid":{"rendered":"https:\/\/www.growretail.com\/equipo\/"},"modified":"2025-04-10T17:59:57","modified_gmt":"2025-04-10T15:59:57","slug":"equipo","status":"publish","type":"page","link":"https:\/\/www.growretail.com\/ca\/equipo\/","title":{"rendered":"Equip"},"content":{"rendered":"<div id=\"pl-728\"  class=\"panel-layout\" ><div id=\"pg-728-0\"  class=\"panel-grid panel-no-style\" ><div id=\"pgc-728-0-0\"  class=\"panel-grid-cell\" ><div id=\"panel-728-0-0-0\" class=\"so-panel widget widget_sow-image panel-first-child panel-last-child\" data-index=\"0\" ><div\n\t\t\t\n\t\t\tclass=\"so-widget-sow-image so-widget-sow-image-default-c67d20f9f743-728\"\n\t\t\t\n\t\t>\n<div class=\"sow-image-container\">\n\t\t<img \n\tsrc=\"https:\/\/www.growretail.com\/wp-content\/uploads\/2025\/01\/EquipoGrowRetail-1200x400-1.jpg\" width=\"1200\" height=\"400\" srcset=\"https:\/\/www.growretail.com\/wp-content\/uploads\/2025\/01\/EquipoGrowRetail-1200x400-1.jpg 1200w, https:\/\/www.growretail.com\/wp-content\/uploads\/2025\/01\/EquipoGrowRetail-1200x400-1-300x100.jpg 300w, https:\/\/www.growretail.com\/wp-content\/uploads\/2025\/01\/EquipoGrowRetail-1200x400-1-1024x341.jpg 1024w, https:\/\/www.growretail.com\/wp-content\/uploads\/2025\/01\/EquipoGrowRetail-1200x400-1-768x256.jpg 768w, https:\/\/www.growretail.com\/wp-content\/uploads\/2025\/01\/EquipoGrowRetail-1200x400-1-904x301.jpg 904w\" sizes=\"(max-width: 1200px) 100vw, 1200px\" title=\"Equipo Grow Retail\" alt=\"\" \t\tclass=\"so-widget-image\"\/>\n\t<\/div>\n\n<\/div><\/div><\/div><\/div><div id=\"pg-728-1\"  class=\"panel-grid panel-no-style\" ><div id=\"pgc-728-1-0\"  class=\"panel-grid-cell\" ><div id=\"panel-728-1-0-0\" class=\"so-panel widget widget_text panel-first-child panel-last-child\" data-index=\"1\" >\t\t\t<div class=\"textwidget\"><p style=\"text-align: justify; color: #660066; font-size: normal;\"><b>GROW RETAIL<\/b> <span style=\"color: #666666;\">\u00e9s una consultora integrada per professionals especialitzats en el sector retail. La seva experi\u00e8ncia i valors al servei d&#8217;aquest projecte serveixen de garantia per a l&#8217;\u00e8xit de les companyies que confien en nosaltres.<\/span><\/p>\n<p style=\"text-align: justify; color: #660066; font-size: normal;\"><b>Grow Retail<\/b> <span style=\"color: #666666;\">est\u00e0 integrada per:<\/span><\/p>\n<\/div>\n\t\t<\/div><\/div><\/div><div id=\"pg-728-2\"  class=\"panel-grid panel-no-style\" ><div id=\"pgc-728-2-0\"  class=\"panel-grid-cell\" ><div id=\"panel-728-2-0-0\" class=\"so-panel widget widget_sow-image panel-first-child\" data-index=\"2\" ><div\n\t\t\t\n\t\t\tclass=\"so-widget-sow-image so-widget-sow-image-default-4e6925654b7a-728\"\n\t\t\t\n\t\t>\n<div class=\"sow-image-container\">\n\t\t<img \n\tsrc=\"https:\/\/www.growretail.com\/wp-content\/uploads\/2025\/01\/RafaelGonzalez.jpg\" width=\"149\" height=\"200\" sizes=\"(max-width: 149px) 100vw, 149px\" title=\"Rafael Gonzalez\" alt=\"\" \t\tclass=\"so-widget-image\"\/>\n\t<\/div>\n\n<\/div><\/div><div id=\"panel-728-2-0-1\" class=\"so-panel widget widget_text panel-last-child\" data-index=\"3\" >\t\t\t<div class=\"textwidget\"><p style=\"text-align: justify; color: #660066; font-size: normal;\"><b>Rafael Gonz\u00e1lez de la Puente<\/b><br \/>\n<span style=\"color: #666666;\">(+34) 609 469 108<br \/>\nrafael.gonzalez@growretail.com<\/span><\/p>\n<p style=\"text-align: justify; color: #666666; font-size: normal;\">Despr\u00e9s d\u2019una experi\u00e8ncia de 12 anys en empreses multinacionals de la distribuci\u00f3 comercial i en la ger\u00e8ncia de centres comercials, ha prestat serveis d\u2019assessoria externa a diferents companyies del sector de retail, hostaleria i restauraci\u00f3.<\/p>\n<p style=\"text-align: justify; color: #666666; font-size: normal;\">Especialitzat tamb\u00e9 en la gesti\u00f3 de les autoritzacions administratives per a la implantaci\u00f3 de noves activitats comercials, forma part dels comit\u00e8s immobiliaris d\u2019algunes de les nostres empreses clients com a conseller extern per a la definici\u00f3 i la implementaci\u00f3 dels seus plans d\u2019expansi\u00f3 i desenvolupament<br \/>.<\/p>\n<p style=\"text-align: justify; color: #666666; font-size: normal;\">Actualment forma part de l\u2019equip de <span style=\"color: #660066;\"><b>GROW RETAIL<\/b><\/span> com a consultor comercial especialitzat en relacions institucionals i gesti\u00f3 de llic\u00e8ncies inherents a qualsevol projecte d\u2019expansi\u00f3.<\/p>\n<\/div>\n\t\t<\/div><\/div><div id=\"pgc-728-2-1\"  class=\"panel-grid-cell\" ><div id=\"panel-728-2-1-0\" class=\"so-panel widget widget_sow-image panel-first-child\" data-index=\"4\" ><div\n\t\t\t\n\t\t\tclass=\"so-widget-sow-image so-widget-sow-image-default-4e6925654b7a-728\"\n\t\t\t\n\t\t>\n<div class=\"sow-image-container\">\n\t\t<img \n\tsrc=\"https:\/\/www.growretail.com\/wp-content\/uploads\/2025\/01\/SantiPrat.jpg\" width=\"115\" height=\"200\" sizes=\"(max-width: 115px) 100vw, 115px\" title=\"Santi Prat\" alt=\"\" \t\tclass=\"so-widget-image\"\/>\n\t<\/div>\n\n<\/div><\/div><div id=\"panel-728-2-1-1\" class=\"so-panel widget widget_text panel-last-child\" data-index=\"5\" >\t\t\t<div class=\"textwidget\"><p style=\"text-align: justify; color: #660066; font-size: normal;\"><b>Santi Prat<\/b><br \/>\n<span style=\"color: #666666;\">(+34) 619 106 271<br \/>\nsanti.prat@growretail.com<\/span><\/p>\n<p style=\"text-align: justify; color: #666666; font-size: normal;\">Neix en el si d\u2019una fam\u00edlia pionera en el sector del comer\u00e7 i la gran distribuci\u00f3, on coneix les bases d\u2019aquest negoci i ocupa responsabilitats de rellev\u00e0ncia en la companyia familiar.<\/p>\n<p style=\"text-align: justify; color: #666666; font-size: normal;\">Posteriorment s\u2019integra en la direcci\u00f3 de l\u2019empresa multinacional en la qual du a terme tasques relacionades amb el desenvolupament comercial en departaments d\u2019expansi\u00f3 i property, aplicant-hi el rigor, la metodologia i les pr\u00e0ctiques que aquestes empreses designen.<\/p>\n<p style=\"text-align: justify; color: #666666; font-size: normal;\">Durant l\u2019etapa recent, crea la seva pr\u00f2pia consultora aportant-hi tota l\u2019experi\u00e8ncia atresorada durant la seva traject\u00f2ria professional assessorant companyies de retail en el creixement org\u00e0nic, fusions i adquisicions i el planejament de desenvolupament de projectes comercials d\u2019envergadura, etapa en la qual ha aconseguit resultats mot satisfactoris tant en l\u2019\u00e0mbit professional com en el personal.<\/p>\n<p style=\"text-align: justify; color: #666666; font-size: normal;\">Actualment forma part de l\u2019equip de <span style=\"color: #660066;\"><b>GROW RETAIL<\/b><\/span> com a consultor comercial.<\/p>\n<\/div>\n\t\t<\/div><\/div><\/div><div id=\"pg-728-3\"  class=\"panel-grid panel-no-style\" ><div id=\"pgc-728-3-0\"  class=\"panel-grid-cell\" ><div id=\"panel-728-3-0-0\" class=\"so-panel widget widget_sow-image panel-first-child\" data-index=\"6\" ><div\n\t\t\t\n\t\t\tclass=\"so-widget-sow-image so-widget-sow-image-default-c67d20f9f743-728\"\n\t\t\t\n\t\t>\n<div class=\"sow-image-container\">\n\t\t<img \n\tsrc=\"https:\/\/www.growretail.com\/wp-content\/uploads\/2025\/02\/XaviPages.jpg\" width=\"136\" height=\"200\" sizes=\"(max-width: 136px) 100vw, 136px\" title=\"Xavi Pages\" alt=\"\" \t\tclass=\"so-widget-image\"\/>\n\t<\/div>\n\n<\/div><\/div><div id=\"panel-728-3-0-1\" class=\"so-panel widget widget_text panel-last-child\" data-index=\"7\" >\t\t\t<div class=\"textwidget\"><p style=\"text-align: center; color: #660066; font-size: normal;\"><b>Xavier Pag\u00e8s<\/b><br \/>\n<span style=\"color: #666666;\">(+34) 689 586 222<br \/>\nxavier.pages@growretail.com<\/span><\/p>\n<p style=\"text-align: justify; color: #666666; font-size: normal;\">Va comen\u00e7ar la seva carrera professional a l\u2019empresa familiar de distribuci\u00f3 de productes carnis i derivats. M\u00e9s endavant, i durant diversos anys, ha estat treballant en departaments d&#8217;expansi\u00f3 de companyies multinacionals de distribuci\u00f3 comercial, analitzant s\u00f2ls i locals per implantacions comercials i realitzant estudis de mercat.<\/p>\n<p style=\"text-align: justify; color: #666666; font-size: normal;\">Posteriorment es va incorporar a la direcci\u00f3 d&#8217;expansi\u00f3 de promotores immobili\u00e0ries, exercint les funcions de compra i gesti\u00f3 urban\u00edstica del s\u00f2l, aix\u00ed com de responsable dels estudis de mercat i de les negociacions de llic\u00e8ncies i desenvolupaments urban\u00edstics amb les administracions actuants.<\/p>\n<p style=\"text-align: justify; color: #666666; font-size: normal;\">En l&#8217;actualitat forma part de <span style=\"color: #660066;\"><b>GROW RETAIL<\/b><\/span> com a consultor comercial.<\/p>\n<\/div>\n\t\t<\/div><\/div><\/div><div id=\"pg-728-4\"  class=\"panel-grid panel-no-style\" ><div id=\"pgc-728-4-0\"  class=\"panel-grid-cell\" ><div id=\"panel-728-4-0-0\" class=\"widget_text so-panel widget widget_custom_html panel-first-child panel-last-child\" data-index=\"8\" ><div class=\"widget_text panel-widget-style panel-widget-style-for-728-4-0-0\" ><div class=\"textwidget custom-html-widget\"><p style=\"text-align: center; font-size: 1em;\"><a href=\"https:\/\/www.growretail.com\/ca\/politica-de-privacitat\/\">Pol\u00edtica de privacitat<\/a> - <a href=\"https:\/\/www.growretail.com\/ca\/politica-de-galetes\/\">Pol\u00edtica de galetes<\/a> - <a href=\"https:\/\/www.growretail.com\/ca\/nota-legal\/\">Nota legal<\/a><\/p><\/div><\/div><\/div><\/div><\/div><\/div>","protected":false},"excerpt":{"rendered":"<p>GROW RETAIL \u00e9s una consultora integrada per professionals especialitzats en el sector retail. La seva experi\u00e8ncia i valors al servei d&#8217;aquest projecte serveixen de garantia per a l&#8217;\u00e8xit de les companyies que confien en nosaltres. Grow Retail est\u00e0 integrada per:<\/p>\n","protected":false},"author":6,"featured_media":0,"parent":0,"menu_order":0,"comment_status":"closed","ping_status":"closed","template":"","meta":{"footnotes":""},"class_list":["post-728","page","type-page","status-publish","hentry"],"_links":{"self":[{"href":"https:\/\/www.growretail.com\/ca\/wp-json\/wp\/v2\/pages\/728","targetHints":{"allow":["GET"]}}],"collection":[{"href":"https:\/\/www.growretail.com\/ca\/wp-json\/wp\/v2\/pages"}],"about":[{"href":"https:\/\/www.growretail.com\/ca\/wp-json\/wp\/v2\/types\/page"}],"author":[{"embeddable":true,"href":"https:\/\/www.growretail.com\/ca\/wp-json\/wp\/v2\/users\/6"}],"replies":[{"embeddable":true,"href":"https:\/\/www.growretail.com\/ca\/wp-json\/wp\/v2\/comments?post=728"}],"version-history":[{"count":3,"href":"https:\/\/www.growretail.com\/ca\/wp-json\/wp\/v2\/pages\/728\/revisions"}],"predecessor-version":[{"id":734,"href":"https:\/\/www.growretail.com\/ca\/wp-json\/wp\/v2\/pages\/728\/revisions\/734"}],"wp:attachment":[{"href":"https:\/\/www.growretail.com\/ca\/wp-json\/wp\/v2\/media?parent=728"}],"curies":[{"name":"wp","href":"https:\/\/api.w.org\/{rel}","templated":true}]}}