{"id":708,"date":"2025-01-29T18:02:02","date_gmt":"2025-01-29T17:02:02","guid":{"rendered":"https:\/\/www.growretail.com\/que\/"},"modified":"2025-04-10T17:19:55","modified_gmt":"2025-04-10T15:19:55","slug":"que","status":"publish","type":"page","link":"https:\/\/www.growretail.com\/ca\/que\/","title":{"rendered":"Qu\u00e8 fem?"},"content":{"rendered":"<div id=\"pl-708\"  class=\"panel-layout\" ><div id=\"pg-708-0\"  class=\"panel-grid panel-no-style\" ><div id=\"pgc-708-0-0\"  class=\"panel-grid-cell\" ><div id=\"panel-708-0-0-0\" class=\"so-panel widget widget_sow-image panel-first-child panel-last-child\" data-index=\"0\" ><div\n\t\t\t\n\t\t\tclass=\"so-widget-sow-image so-widget-sow-image-default-c67d20f9f743-708\"\n\t\t\t\n\t\t>\n<div class=\"sow-image-container\">\n\t\t<img \n\tsrc=\"https:\/\/www.growretail.com\/wp-content\/uploads\/2025\/01\/QueGrowRetail-1200x400-1.jpg\" width=\"1200\" height=\"400\" srcset=\"https:\/\/www.growretail.com\/wp-content\/uploads\/2025\/01\/QueGrowRetail-1200x400-1.jpg 1200w, https:\/\/www.growretail.com\/wp-content\/uploads\/2025\/01\/QueGrowRetail-1200x400-1-300x100.jpg 300w, https:\/\/www.growretail.com\/wp-content\/uploads\/2025\/01\/QueGrowRetail-1200x400-1-1024x341.jpg 1024w, https:\/\/www.growretail.com\/wp-content\/uploads\/2025\/01\/QueGrowRetail-1200x400-1-768x256.jpg 768w, https:\/\/www.growretail.com\/wp-content\/uploads\/2025\/01\/QueGrowRetail-1200x400-1-904x301.jpg 904w\" sizes=\"(max-width: 1200px) 100vw, 1200px\" title=\"Que Grow Retail\" alt=\"\" \t\tclass=\"so-widget-image\"\/>\n\t<\/div>\n\n<\/div><\/div><\/div><\/div><div id=\"pg-708-1\"  class=\"panel-grid panel-no-style\" ><div id=\"pgc-708-1-0\"  class=\"panel-grid-cell\" ><div id=\"panel-708-1-0-0\" class=\"so-panel widget widget_text panel-first-child panel-last-child\" data-index=\"1\" >\t\t\t<div class=\"textwidget\"><p style=\"text-align: justify; color: #666666; font-size: normal;\">Des de <span style=\"color: #660066;\"><b>Grow Retail<\/b><\/span> ajudem els nostres clients a concretar, definir i assolir els seus objectius de creixement, aportant-hi experi\u00e8ncia i coneixement, esfor\u00e7 i flexibilitat per millorar-ne els resultats, incrementar i augmentar el valor total de les organitzacions.<\/p>\n<p style=\"text-align: justify; color: #666666; font-size: normal;\">Per ajudar-los, col\u00b7laborem significativament en la reconducci\u00f3 de la seva estrat\u00e8gia d\u2019expansi\u00f3 i la implementaci\u00f3 de les millors t\u00e0ctiques.<\/p>\n<p style=\"text-align: justify; color: #666666; font-size: normal;\">Hi aportem valor tangible, proposant les millors alternatives ajustades a les caracter\u00edstiques generals de cada client i a les seves demandes espec\u00edfiques procurant optimitzar, aix\u00ed, els recursos interns de l\u2019organitzaci\u00f3.<\/p>\n<\/div>\n\t\t<\/div><\/div><\/div><div id=\"pg-708-2\"  class=\"panel-grid panel-no-style\" ><div id=\"pgc-708-2-0\"  class=\"panel-grid-cell\" ><div id=\"panel-708-2-0-0\" class=\"widget_text so-panel widget widget_custom_html panel-first-child panel-last-child\" data-index=\"2\" ><div class=\"widget_text panel-widget-style panel-widget-style-for-708-2-0-0\" ><div class=\"textwidget custom-html-widget\"><p style=\"text-align: center; font-size: 1em;\"><a href=\"https:\/\/www.growretail.com\/ca\/politica-de-privacitat\/\">Pol\u00edtica de privacitat<\/a> - <a href=\"https:\/\/www.growretail.com\/ca\/politica-de-galetes\/\">Pol\u00edtica de galetes<\/a> - <a href=\"https:\/\/www.growretail.com\/ca\/nota-legal\/\">Nota legal<\/a><\/p><\/div><\/div><\/div><\/div><\/div><\/div>","protected":false},"excerpt":{"rendered":"<p>Des de Grow Retail ajudem els nostres clients a concretar, definir i assolir els seus objectius de creixement, aportant-hi experi\u00e8ncia i coneixement, esfor\u00e7 i flexibilitat per millorar-ne els resultats, incrementar i augmentar el valor total de les organitzacions. Per ajudar-los, col\u00b7laborem significativament en la reconducci\u00f3 de la seva estrat\u00e8gia d\u2019expansi\u00f3 i la implementaci\u00f3 de les [&hellip;]<\/p>\n","protected":false},"author":6,"featured_media":0,"parent":0,"menu_order":0,"comment_status":"closed","ping_status":"closed","template":"","meta":{"footnotes":""},"class_list":["post-708","page","type-page","status-publish","hentry"],"_links":{"self":[{"href":"https:\/\/www.growretail.com\/ca\/wp-json\/wp\/v2\/pages\/708","targetHints":{"allow":["GET"]}}],"collection":[{"href":"https:\/\/www.growretail.com\/ca\/wp-json\/wp\/v2\/pages"}],"about":[{"href":"https:\/\/www.growretail.com\/ca\/wp-json\/wp\/v2\/types\/page"}],"author":[{"embeddable":true,"href":"https:\/\/www.growretail.com\/ca\/wp-json\/wp\/v2\/users\/6"}],"replies":[{"embeddable":true,"href":"https:\/\/www.growretail.com\/ca\/wp-json\/wp\/v2\/comments?post=708"}],"version-history":[{"count":4,"href":"https:\/\/www.growretail.com\/ca\/wp-json\/wp\/v2\/pages\/708\/revisions"}],"predecessor-version":[{"id":716,"href":"https:\/\/www.growretail.com\/ca\/wp-json\/wp\/v2\/pages\/708\/revisions\/716"}],"wp:attachment":[{"href":"https:\/\/www.growretail.com\/ca\/wp-json\/wp\/v2\/media?parent=708"}],"curies":[{"name":"wp","href":"https:\/\/api.w.org\/{rel}","templated":true}]}}