{"id":700,"date":"2025-01-29T18:15:38","date_gmt":"2025-01-29T17:15:38","guid":{"rendered":"https:\/\/www.growretail.com\/como\/"},"modified":"2025-04-10T17:20:50","modified_gmt":"2025-04-10T15:20:50","slug":"como","status":"publish","type":"page","link":"https:\/\/www.growretail.com\/ca\/como\/","title":{"rendered":"Com ho fem?"},"content":{"rendered":"<div id=\"pl-700\"  class=\"panel-layout\" ><div id=\"pg-700-0\"  class=\"panel-grid panel-no-style\" ><div id=\"pgc-700-0-0\"  class=\"panel-grid-cell\" ><div id=\"panel-700-0-0-0\" class=\"so-panel widget widget_sow-image panel-first-child panel-last-child\" data-index=\"0\" ><div\n\t\t\t\n\t\t\tclass=\"so-widget-sow-image so-widget-sow-image-default-c67d20f9f743-700\"\n\t\t\t\n\t\t>\n<div class=\"sow-image-container\">\n\t\t<img \n\tsrc=\"https:\/\/www.growretail.com\/wp-content\/uploads\/2025\/01\/ComoGrowRetail-1200x400-1.jpg\" width=\"1200\" height=\"400\" srcset=\"https:\/\/www.growretail.com\/wp-content\/uploads\/2025\/01\/ComoGrowRetail-1200x400-1.jpg 1200w, https:\/\/www.growretail.com\/wp-content\/uploads\/2025\/01\/ComoGrowRetail-1200x400-1-300x100.jpg 300w, https:\/\/www.growretail.com\/wp-content\/uploads\/2025\/01\/ComoGrowRetail-1200x400-1-1024x341.jpg 1024w, https:\/\/www.growretail.com\/wp-content\/uploads\/2025\/01\/ComoGrowRetail-1200x400-1-768x256.jpg 768w, https:\/\/www.growretail.com\/wp-content\/uploads\/2025\/01\/ComoGrowRetail-1200x400-1-904x301.jpg 904w\" sizes=\"(max-width: 1200px) 100vw, 1200px\" title=\"Como Grow Retail\" alt=\"\" \t\tclass=\"so-widget-image\"\/>\n\t<\/div>\n\n<\/div><\/div><\/div><\/div><div id=\"pg-700-1\"  class=\"panel-grid panel-no-style\" ><div id=\"pgc-700-1-0\"  class=\"panel-grid-cell\" ><div id=\"panel-700-1-0-0\" class=\"so-panel widget widget_sow-image panel-first-child panel-last-child\" data-index=\"1\" ><div\n\t\t\t\n\t\t\tclass=\"so-widget-sow-image so-widget-sow-image-default-4e6925654b7a-700\"\n\t\t\t\n\t\t>\n<div class=\"sow-image-container\">\n\t\t<img \n\tsrc=\"https:\/\/www.growretail.com\/wp-content\/uploads\/2025\/01\/EsquemaComoLoHacemos.png\" width=\"156\" height=\"410\" srcset=\"https:\/\/www.growretail.com\/wp-content\/uploads\/2025\/01\/EsquemaComoLoHacemos.png 156w, https:\/\/www.growretail.com\/wp-content\/uploads\/2025\/01\/EsquemaComoLoHacemos-114x300.png 114w\" sizes=\"(max-width: 156px) 100vw, 156px\" title=\"Como Hacemos Esquema Grow Retail\" alt=\"\" \t\tclass=\"so-widget-image\"\/>\n\t<\/div>\n\n<\/div><\/div><\/div><div id=\"pgc-700-1-1\"  class=\"panel-grid-cell\" ><div id=\"panel-700-1-1-0\" class=\"so-panel widget widget_text panel-first-child\" data-index=\"2\" >\t\t\t<div class=\"textwidget\"><h4><span style=\"color: #660066;\"><b>Esquema de treball t\u00edpic per l\u2019obertura de nous centres<\/b><\/span><\/h4>\n<\/div>\n\t\t<\/div><div id=\"panel-700-1-1-1\" class=\"so-panel widget widget_sow-image\" data-index=\"3\" ><div\n\t\t\t\n\t\t\tclass=\"so-widget-sow-image so-widget-sow-image-default-4e6925654b7a-700\"\n\t\t\t\n\t\t>\n<div class=\"sow-image-container\">\n\t\t<img \n\tsrc=\"https:\/\/www.growretail.com\/wp-content\/uploads\/2025\/01\/Como-02.gif\" width=\"54\" height=\"54\" sizes=\"(max-width: 54px) 100vw, 54px\" title=\"Como-02\" alt=\"\" \t\tclass=\"so-widget-image\"\/>\n\t<\/div>\n\n<\/div><\/div><div id=\"panel-700-1-1-2\" class=\"so-panel widget widget_text\" data-index=\"4\" >\t\t\t<div class=\"textwidget\"><p style=\"text-align: justify; color: #660066; font-size: normal;\"><b>Con\u00e8ixer el client, els formats\/models, els serveis i les necessitats:<\/b><br \/>\n<span style=\"color: #666666;\">* Interpretem i entenem els seus objectius, interessos, gustos i prefer\u00e8ncies.<br \/>\n* Revisem i acordem els briefing tenint en compte els seus Plans d\u2019Expansi\u00f3 (PE).<\/span><\/p>\n<\/div>\n\t\t<\/div><div id=\"panel-700-1-1-3\" class=\"so-panel widget widget_sow-image\" data-index=\"5\" ><div\n\t\t\t\n\t\t\tclass=\"so-widget-sow-image so-widget-sow-image-default-4e6925654b7a-700\"\n\t\t\t\n\t\t>\n<div class=\"sow-image-container\">\n\t\t<img \n\tsrc=\"https:\/\/www.growretail.com\/wp-content\/uploads\/2025\/01\/Como-01.gif\" width=\"53\" height=\"54\" sizes=\"(max-width: 53px) 100vw, 53px\" title=\"Como-01\" alt=\"\" \t\tclass=\"so-widget-image\"\/>\n\t<\/div>\n\n<\/div><\/div><div id=\"panel-700-1-1-4\" class=\"so-panel widget widget_text\" data-index=\"6\" >\t\t\t<div class=\"textwidget\"><p style=\"text-align: justify; color: #660066; font-size: normal;\"><b>Realitzaci\u00f3 d\u2019un estudi de mercat d\u2019acord amb les definicions del PE rebut:<\/b><br \/>\n<span style=\"color: #666666;\">* Iniciem els treballs de camp per definir compet\u00e8ncia, accessos, \u00e0rees d\u2019influ\u00e8ncia, consum i potencial d\u2019ubicaci\u00f3.<\/span><\/p>\n<\/div>\n\t\t<\/div><div id=\"panel-700-1-1-5\" class=\"so-panel widget widget_sow-image\" data-index=\"7\" ><div\n\t\t\t\n\t\t\tclass=\"so-widget-sow-image so-widget-sow-image-default-4e6925654b7a-700\"\n\t\t\t\n\t\t>\n<div class=\"sow-image-container\">\n\t\t<img \n\tsrc=\"https:\/\/www.growretail.com\/wp-content\/uploads\/2025\/01\/Como-04.gif\" width=\"54\" height=\"54\" sizes=\"(max-width: 54px) 100vw, 54px\" title=\"Como-04\" alt=\"\" \t\tclass=\"so-widget-image\"\/>\n\t<\/div>\n\n<\/div><\/div><div id=\"panel-700-1-1-6\" class=\"so-panel widget widget_text\" data-index=\"8\" >\t\t\t<div class=\"textwidget\"><p style=\"text-align: justify; color: #660066; font-size: normal;\"><b>Presentaci\u00f3 i lliurament d\u2019informe:<\/b><br \/>\n<span style=\"color: #666666;\">* Definim els condicionants i les nostres recomanacions.<br \/>\n* Analitzem les possibles alternatives d\u2019implantaci\u00f3.<\/span><\/p>\n<\/div>\n\t\t<\/div><div id=\"panel-700-1-1-7\" class=\"so-panel widget widget_sow-image\" data-index=\"9\" ><div\n\t\t\t\n\t\t\tclass=\"so-widget-sow-image so-widget-sow-image-default-4e6925654b7a-700\"\n\t\t\t\n\t\t>\n<div class=\"sow-image-container\">\n\t\t<img \n\tsrc=\"https:\/\/www.growretail.com\/wp-content\/uploads\/2025\/01\/Como-05.gif\" width=\"54\" height=\"53\" sizes=\"(max-width: 54px) 100vw, 54px\" title=\"Como-05\" alt=\"\" \t\tclass=\"so-widget-image\"\/>\n\t<\/div>\n\n<\/div><\/div><div id=\"panel-700-1-1-8\" class=\"so-panel widget widget_text\" data-index=\"10\" >\t\t\t<div class=\"textwidget\"><p style=\"text-align: justify; color: #660066; font-size: normal;\"><b>Selecci\u00f3 de les ubicacions objectiu:<\/b><br \/>\n<span style=\"color: #666666;\">* Definim les prioritats t\u00e8cniques i legals.<br \/>\n* Fixem els par\u00e0metres de renda m\u00ednims i m\u00e0xims.<\/span><\/p>\n<\/div>\n\t\t<\/div><div id=\"panel-700-1-1-9\" class=\"so-panel widget widget_sow-image\" data-index=\"11\" ><div\n\t\t\t\n\t\t\tclass=\"so-widget-sow-image so-widget-sow-image-default-4e6925654b7a-700\"\n\t\t\t\n\t\t>\n<div class=\"sow-image-container\">\n\t\t<img \n\tsrc=\"https:\/\/www.growretail.com\/wp-content\/uploads\/2025\/01\/Como-03.gif\" width=\"54\" height=\"54\" sizes=\"(max-width: 54px) 100vw, 54px\" title=\"Como-03\" alt=\"\" \t\tclass=\"so-widget-image\"\/>\n\t<\/div>\n\n<\/div><\/div><div id=\"panel-700-1-1-10\" class=\"so-panel widget widget_text panel-last-child\" data-index=\"12\" >\t\t\t<div class=\"textwidget\"><p style=\"text-align: justify; color: #660066; font-size: normal;\"><b>Col\u00b7laborem en la signatura del contracte d\u2019arrendament \/ compravenda \/ leaseback:<\/b><br \/>\n<span style=\"color: #666666;\">* Negociem el contracte d\u2019arrendament \/ compravenda \/ leaseback.<br \/>\n* Col\u00b7laborem en l\u2019obertura del nou establiment (Project Managment establiment).<\/span><\/p>\n<\/div>\n\t\t<\/div><\/div><\/div><div id=\"pg-700-2\"  class=\"panel-grid panel-no-style\" ><div id=\"pgc-700-2-0\"  class=\"panel-grid-cell\" ><div id=\"panel-700-2-0-0\" class=\"widget_text so-panel widget widget_custom_html panel-first-child panel-last-child\" data-index=\"13\" ><div class=\"widget_text panel-widget-style panel-widget-style-for-700-2-0-0\" ><div class=\"textwidget custom-html-widget\"><p style=\"text-align: center; font-size: 1em;\"><a href=\"https:\/\/www.growretail.com\/ca\/politica-de-privacitat\/\">Pol\u00edtica de privacitat<\/a> - <a href=\"https:\/\/www.growretail.com\/ca\/politica-de-galetes\/\">Pol\u00edtica de galetes<\/a> - <a href=\"https:\/\/www.growretail.com\/ca\/nota-legal\/\">Nota legal<\/a><\/p><\/div><\/div><\/div><\/div><\/div><\/div>","protected":false},"excerpt":{"rendered":"<p>Esquema de treball t\u00edpic per l\u2019obertura de nous centres Con\u00e8ixer el client, els formats\/models, els serveis i les necessitats: * Interpretem i entenem els seus objectius, interessos, gustos i prefer\u00e8ncies. * Revisem i acordem els briefing tenint en compte els seus Plans d\u2019Expansi\u00f3 (PE). Realitzaci\u00f3 d\u2019un estudi de mercat d\u2019acord amb les definicions del PE [&hellip;]<\/p>\n","protected":false},"author":6,"featured_media":0,"parent":0,"menu_order":0,"comment_status":"closed","ping_status":"closed","template":"","meta":{"footnotes":""},"class_list":["post-700","page","type-page","status-publish","hentry"],"_links":{"self":[{"href":"https:\/\/www.growretail.com\/ca\/wp-json\/wp\/v2\/pages\/700","targetHints":{"allow":["GET"]}}],"collection":[{"href":"https:\/\/www.growretail.com\/ca\/wp-json\/wp\/v2\/pages"}],"about":[{"href":"https:\/\/www.growretail.com\/ca\/wp-json\/wp\/v2\/types\/page"}],"author":[{"embeddable":true,"href":"https:\/\/www.growretail.com\/ca\/wp-json\/wp\/v2\/users\/6"}],"replies":[{"embeddable":true,"href":"https:\/\/www.growretail.com\/ca\/wp-json\/wp\/v2\/comments?post=700"}],"version-history":[{"count":4,"href":"https:\/\/www.growretail.com\/ca\/wp-json\/wp\/v2\/pages\/700\/revisions"}],"predecessor-version":[{"id":718,"href":"https:\/\/www.growretail.com\/ca\/wp-json\/wp\/v2\/pages\/700\/revisions\/718"}],"wp:attachment":[{"href":"https:\/\/www.growretail.com\/ca\/wp-json\/wp\/v2\/media?parent=700"}],"curies":[{"name":"wp","href":"https:\/\/api.w.org\/{rel}","templated":true}]}}