{"id":692,"date":"2025-01-29T18:52:52","date_gmt":"2025-01-29T17:52:52","guid":{"rendered":"https:\/\/www.growretail.com\/nuestros-servicios\/"},"modified":"2025-04-10T11:58:42","modified_gmt":"2025-04-10T09:58:42","slug":"nuestros-servicios","status":"publish","type":"page","link":"https:\/\/www.growretail.com\/ca\/nuestros-servicios\/","title":{"rendered":"Els nuestres serveis"},"content":{"rendered":"<div id=\"pl-692\"  class=\"panel-layout\" ><div id=\"pg-692-0\"  class=\"panel-grid panel-no-style\" ><div id=\"pgc-692-0-0\"  class=\"panel-grid-cell\" ><div id=\"panel-692-0-0-0\" class=\"so-panel widget widget_sow-image panel-first-child panel-last-child\" data-index=\"0\" ><div\n\t\t\t\n\t\t\tclass=\"so-widget-sow-image so-widget-sow-image-default-c67d20f9f743-692\"\n\t\t\t\n\t\t>\n<div class=\"sow-image-container\">\n\t\t<img \n\tsrc=\"https:\/\/www.growretail.com\/wp-content\/uploads\/2025\/03\/ServiciosGrowRetail-1200x400-1.jpg\" width=\"1200\" height=\"400\" srcset=\"https:\/\/www.growretail.com\/wp-content\/uploads\/2025\/03\/ServiciosGrowRetail-1200x400-1.jpg 1200w, https:\/\/www.growretail.com\/wp-content\/uploads\/2025\/03\/ServiciosGrowRetail-1200x400-1-300x100.jpg 300w, https:\/\/www.growretail.com\/wp-content\/uploads\/2025\/03\/ServiciosGrowRetail-1200x400-1-1024x341.jpg 1024w, https:\/\/www.growretail.com\/wp-content\/uploads\/2025\/03\/ServiciosGrowRetail-1200x400-1-768x256.jpg 768w, https:\/\/www.growretail.com\/wp-content\/uploads\/2025\/03\/ServiciosGrowRetail-1200x400-1-904x301.jpg 904w\" sizes=\"(max-width: 1200px) 100vw, 1200px\" title=\"Nuestros Servicios Grow Retail\" alt=\"\" \t\tclass=\"so-widget-image\"\/>\n\t<\/div>\n\n<\/div><\/div><\/div><\/div><div id=\"pg-692-1\"  class=\"panel-grid panel-no-style\" ><div id=\"pgc-692-1-0\"  class=\"panel-grid-cell\" ><div id=\"panel-692-1-0-0\" class=\"so-panel widget widget_text panel-first-child panel-last-child\" data-index=\"1\" >\t\t\t<div class=\"textwidget\"><p style=\"text-align: justify; color: #666666; font-size: normal;\">En molts casos, encara que els nostres clients posseeixen un coneixement profund del seu negoci i sector, venen a nosaltres perqu\u00e8 manquen de la metodologia concreta per a la implementaci\u00f3 ordenada del seu pla d&#8217;expansi\u00f3, del coneixement expl\u00edcit del sector immobiliari, del temps o de l&#8217;assignaci\u00f3 de recursos suficients per a emprendre els projectes.<\/p>\n<p style=\"text-align: justify; color: #666666; font-size: normal;\">Addicionalment, la nostra col\u00b7laboraci\u00f3 aporta una potent visi\u00f3 externa i independent que, en molts casos, constitueix una bona part del valor aportat.<\/p>\n<p style=\"text-align: justify; color: #666666; font-size: normal;\">Tamb\u00e9 contribu\u00efm a aconseguir que les organitzacions dels nostres clients evolucionin: creixin, es transformin, s\u2019adaptin, enfoquin i dirigeixin millor els esfor\u00e7os per al creixement org\u00e0nic.<\/p>\n<\/div>\n\t\t<\/div><\/div><\/div><div id=\"pg-692-2\"  class=\"panel-grid panel-has-style\" ><div class=\"panel-row-style panel-row-style-for-692-2\" ><div id=\"pgc-692-2-0\"  class=\"panel-grid-cell\" ><div id=\"panel-692-2-0-0\" class=\"so-panel widget widget_text panel-first-child panel-last-child\" data-index=\"2\" >\t\t\t<div class=\"textwidget\"><p style=\"text-align: justify; color: #660066; font-size: medium;\">La major part de les necessitats que atenem dels nostres clients corresponen a les casu\u00edstiques seg\u00fcents:<\/p>\n<p style=\"text-align: justify; color: #660066; font-size: normal;\"><b>EXPANSI\u00d3<\/b><br \/>\n<span style=\"color: #666666;\">Col\u00b7laborem en l\u2019elaboraci\u00f3 i\/o el desenvolupament del Pla d\u2019Expansi\u00f3 dels nostres clients.<br \/>\nBusquem i seleccionem les millors ubicacions seguint les directrius definides per el Pla d\u2019Expansi\u00f3.<br \/>\nNegociem les condicions del contracte de lloguer\/compravenda de nous empla\u00e7aments amb les millors condicions possibles per els nostres clients.<\/span><\/p>\n<p style=\"text-align: justify; color: #660066; font-size: normal;\"><b>ESTUDIS DE MERCAT<\/b><br \/>\n<span style=\"color: #666666;\">Realitzem i analitzem la valoraci\u00f3 del \u201cmercat potencial\u201d d\u2019una determinada ubicaci\u00f3. Participem en la definici\u00f3 estrat\u00e8gica de la tipologia d\u2019\u00fas comercial per a una determinada ubicaci\u00f3. L\u2019analitzem i recomanem sobre el sector de l\u2019operador, mida i format necessari per a la selecci\u00f3 de la formula comercial m\u00e9s exitosa. <\/span><\/p>\n<p style=\"text-align: justify; color: #660066; font-size: normal;\"><b>ESTUDIS DE VIABILITAT<\/b><br \/>\n<span style=\"color: #666666;\">A partir de l\u2019estudi de mercat i valoraci\u00f3 del \u201cmercat potencial\u201d, estudiem la viabilitat en base a la rendibilitat del projecte sobre un escenari de curt i mig termini.<\/span><\/p>\n<p style=\"text-align: justify; color: #660066; font-size: normal;\"><b>GESTI\u00d3 DE LLIC\u00c8NCIES<\/b><br \/>\n<span style=\"color: #666666;\">Gestionem i negociem l\u2019obtenci\u00f3 de llic\u00e8ncies comercials amb els Organismes Comercials, facilitant la seva obtenci\u00f3 en el m\u00ednim temps possible per tal de millorar la rendibilitat futura del nou negoci.<\/span><\/p>\n<p style=\"text-align: justify; color: #660066; font-size: normal;\"><b>INVERSI\u00d3<\/b><br \/>\n<span style=\"color: #666666;\">Col\u00b7laborem amb grups inversors especialitzats en operacions de compravenda i leaseback del sector retail.<\/span><\/p>\n<p style=\"text-align: justify; color: #660066; font-size: normal;\"><b>CONSULTORIA RETAIL<\/b><br \/>\n<span style=\"color: #666666;\">Realitzem valoraci\u00f3 t\u00e8cnica d\u2019immobles i parcel\u00b7les per a usos comercials.<br \/>\nParticipem en la gesti\u00f3 urban\u00edstica amb els Organismes Oficials per a desenvolupar Zones Comercials.<br \/>\nFacilitem i assessorem el llan\u00e7ament al mercat de nous models o formats de botiga.<br \/>\nAssessorem en la definici\u00f3 de criteris comercials de localitzaci\u00f3 de RETAILERS amb voluntat o necessitat d\u2019incrementar el seu volum de vendes, augmentar la seva notorietat o incrementar la rendibilitat global del seu negoci de retail.<br \/>\nAuditem condicions i rendes dels seus contractes de lloguer amb la fi d\u2019augmentar la seva rendibilitat via renegociaci\u00f3 de les seves condicions de contracte actuals.<br \/>\nPromocionem l\u2019an\u00e0lisi per al diagn\u00f2stic i la decisi\u00f3 de mesures d\u2019acci\u00f3 en situacions at\u00edpiques o adverses, com baixades de vendes, p\u00e8rdua de quota de mercat, reestructuracions, fusions, adquisicions, etc.<\/span><\/p>\n<\/div>\n\t\t<\/div><\/div><\/div><\/div><div id=\"pg-692-3\"  class=\"panel-grid panel-no-style\" ><div id=\"pgc-692-3-0\"  class=\"panel-grid-cell\" ><div id=\"panel-692-3-0-0\" class=\"widget_text so-panel widget widget_custom_html panel-first-child panel-last-child\" data-index=\"3\" ><div class=\"widget_text panel-widget-style panel-widget-style-for-692-3-0-0\" ><div class=\"textwidget custom-html-widget\"><p style=\"text-align: center; font-size: 1em;\"><a href=\"https:\/\/www.growretail.com\/ca\/politica-de-privacitat\/\">Pol\u00edtica de privacitat<\/a> - <a href=\"https:\/\/www.growretail.com\/ca\/politica-de-galetes\/\">Pol\u00edtica de galetes<\/a> - <a href=\"https:\/\/www.growretail.com\/ca\/nota-legal\/\">Nota legal<\/a><\/p><\/div><\/div><\/div><\/div><\/div><\/div>","protected":false},"excerpt":{"rendered":"<p>En molts casos, encara que els nostres clients posseeixen un coneixement profund del seu negoci i sector, venen a nosaltres perqu\u00e8 manquen de la metodologia concreta per a la implementaci\u00f3 ordenada del seu pla d&#8217;expansi\u00f3, del coneixement expl\u00edcit del sector immobiliari, del temps o de l&#8217;assignaci\u00f3 de recursos suficients per a emprendre els projectes. Addicionalment, [&hellip;]<\/p>\n","protected":false},"author":6,"featured_media":0,"parent":0,"menu_order":0,"comment_status":"closed","ping_status":"closed","template":"","meta":{"footnotes":""},"class_list":["post-692","page","type-page","status-publish","hentry"],"_links":{"self":[{"href":"https:\/\/www.growretail.com\/ca\/wp-json\/wp\/v2\/pages\/692","targetHints":{"allow":["GET"]}}],"collection":[{"href":"https:\/\/www.growretail.com\/ca\/wp-json\/wp\/v2\/pages"}],"about":[{"href":"https:\/\/www.growretail.com\/ca\/wp-json\/wp\/v2\/types\/page"}],"author":[{"embeddable":true,"href":"https:\/\/www.growretail.com\/ca\/wp-json\/wp\/v2\/users\/6"}],"replies":[{"embeddable":true,"href":"https:\/\/www.growretail.com\/ca\/wp-json\/wp\/v2\/comments?post=692"}],"version-history":[{"count":3,"href":"https:\/\/www.growretail.com\/ca\/wp-json\/wp\/v2\/pages\/692\/revisions"}],"predecessor-version":[{"id":698,"href":"https:\/\/www.growretail.com\/ca\/wp-json\/wp\/v2\/pages\/692\/revisions\/698"}],"wp:attachment":[{"href":"https:\/\/www.growretail.com\/ca\/wp-json\/wp\/v2\/media?parent=692"}],"curies":[{"name":"wp","href":"https:\/\/api.w.org\/{rel}","templated":true}]}}