{"id":674,"date":"2025-01-29T19:16:38","date_gmt":"2025-01-29T18:16:38","guid":{"rendered":"https:\/\/www.growretail.com\/nuestros-clinetes\/"},"modified":"2025-04-04T18:43:53","modified_gmt":"2025-04-04T16:43:53","slug":"els-nostres-clients","status":"publish","type":"page","link":"https:\/\/www.growretail.com\/ca\/els-nostres-clients\/","title":{"rendered":"Els nostres clients"},"content":{"rendered":"<div id=\"pl-674\"  class=\"panel-layout\" ><div id=\"pg-674-0\"  class=\"panel-grid panel-no-style\" ><div id=\"pgc-674-0-0\"  class=\"panel-grid-cell\" ><div id=\"panel-674-0-0-0\" class=\"so-panel widget widget_sow-image panel-first-child panel-last-child\" data-index=\"0\" ><div\n\t\t\t\n\t\t\tclass=\"so-widget-sow-image so-widget-sow-image-default-c67d20f9f743-674\"\n\t\t\t\n\t\t>\n<div class=\"sow-image-container\">\n\t\t<img \n\tsrc=\"https:\/\/www.growretail.com\/wp-content\/uploads\/2025\/01\/NuestrosClientesGrowRetail-1200x400-1.jpg\" width=\"1200\" height=\"400\" srcset=\"https:\/\/www.growretail.com\/wp-content\/uploads\/2025\/01\/NuestrosClientesGrowRetail-1200x400-1.jpg 1200w, https:\/\/www.growretail.com\/wp-content\/uploads\/2025\/01\/NuestrosClientesGrowRetail-1200x400-1-300x100.jpg 300w, https:\/\/www.growretail.com\/wp-content\/uploads\/2025\/01\/NuestrosClientesGrowRetail-1200x400-1-1024x341.jpg 1024w, https:\/\/www.growretail.com\/wp-content\/uploads\/2025\/01\/NuestrosClientesGrowRetail-1200x400-1-768x256.jpg 768w, https:\/\/www.growretail.com\/wp-content\/uploads\/2025\/01\/NuestrosClientesGrowRetail-1200x400-1-904x301.jpg 904w\" sizes=\"(max-width: 1200px) 100vw, 1200px\" title=\"Nuestros Clientes Grow Retail\" alt=\"\" \t\tclass=\"so-widget-image\"\/>\n\t<\/div>\n\n<\/div><\/div><\/div><\/div><div id=\"pg-674-1\"  class=\"panel-grid panel-no-style\" ><div id=\"pgc-674-1-0\"  class=\"panel-grid-cell\" ><div id=\"panel-674-1-0-0\" class=\"so-panel widget widget_text panel-first-child panel-last-child\" data-index=\"1\" >\t\t\t<div class=\"textwidget\"><p style=\"text-align: justify; color: #660066; font-size: normal;\"><b>Operadors Detallistes de la majoria de segments i categories, especialment PIMES d&#8217;\u00e0mbit nacional i empreses estrangeres que pretenguin entrar en el mercat espanyol i que poden estar dins dels seg\u00fcents subsectors:<\/b><\/p>\n<p style=\"text-align: justify; color: #666666; font-size: normal;\">* Distribuci\u00f3 aliment\u00e0ria<br \/>\n* Moda, complements de la persona i cal\u00e7at<br \/>\n* Mobiliari, decoraci\u00f3, llar<br \/>\n* Electrodom\u00e8stics, inform\u00e0tica i electr\u00f2nica<br \/>\n* Serveis de la persona (\u00f2ptica, salut, bellesa, farm\u00e0cia, perfumeria)<br \/>\n* Bricolatge<br \/>\n* Esport<br \/>\n* Restauraci\u00f3<br \/>\n* Cinema i oci<br \/>\n* Cultura<\/p>\n<\/div>\n\t\t<\/div><\/div><\/div><div id=\"pg-674-2\"  class=\"panel-grid panel-no-style\" ><div id=\"pgc-674-2-0\"  class=\"panel-grid-cell\" ><div id=\"panel-674-2-0-0\" class=\"so-panel widget widget_sow-image panel-first-child panel-last-child\" data-index=\"2\" ><div\n\t\t\t\n\t\t\tclass=\"so-widget-sow-image so-widget-sow-image-default-c67d20f9f743-674\"\n\t\t\t\n\t\t>\n<div class=\"sow-image-container\">\n\t\t<img \n\tsrc=\"https:\/\/www.growretail.com\/wp-content\/uploads\/2025\/01\/logos_clientes.gif\" width=\"366\" height=\"309\" sizes=\"(max-width: 366px) 100vw, 366px\" title=\"logos_clientes\" alt=\"\" \t\tclass=\"so-widget-image\"\/>\n\t<\/div>\n\n<\/div><\/div><\/div><\/div><div id=\"pg-674-3\"  class=\"panel-grid panel-no-style\" ><div id=\"pgc-674-3-0\"  class=\"panel-grid-cell\" ><div id=\"panel-674-3-0-0\" class=\"widget_text so-panel widget widget_custom_html panel-first-child panel-last-child\" data-index=\"3\" ><div class=\"widget_text panel-widget-style panel-widget-style-for-674-3-0-0\" ><div class=\"textwidget custom-html-widget\"><p style=\"text-align: center; font-size: 1em;\"><a href=\"https:\/\/www.growretail.com\/ca\/politica-de-privacitat\/\">Pol\u00edtica de privacitat<\/a> - <a href=\"https:\/\/www.growretail.com\/ca\/politica-de-galetes\/\">Pol\u00edtica de galetes<\/a> - <a href=\"https:\/\/www.growretail.com\/ca\/nota-legal\/\">Nota legal<\/a><\/p><\/div><\/div><\/div><\/div><\/div><\/div>","protected":false},"excerpt":{"rendered":"<p>Operadors Detallistes de la majoria de segments i categories, especialment PIMES d&#8217;\u00e0mbit nacional i empreses estrangeres que pretenguin entrar en el mercat espanyol i que poden estar dins dels seg\u00fcents subsectors: * Distribuci\u00f3 aliment\u00e0ria * Moda, complements de la persona i cal\u00e7at * Mobiliari, decoraci\u00f3, llar * Electrodom\u00e8stics, inform\u00e0tica i electr\u00f2nica * Serveis de la [&hellip;]<\/p>\n","protected":false},"author":6,"featured_media":0,"parent":0,"menu_order":0,"comment_status":"closed","ping_status":"closed","template":"","meta":{"footnotes":""},"class_list":["post-674","page","type-page","status-publish","hentry"],"_links":{"self":[{"href":"https:\/\/www.growretail.com\/ca\/wp-json\/wp\/v2\/pages\/674","targetHints":{"allow":["GET"]}}],"collection":[{"href":"https:\/\/www.growretail.com\/ca\/wp-json\/wp\/v2\/pages"}],"about":[{"href":"https:\/\/www.growretail.com\/ca\/wp-json\/wp\/v2\/types\/page"}],"author":[{"embeddable":true,"href":"https:\/\/www.growretail.com\/ca\/wp-json\/wp\/v2\/users\/6"}],"replies":[{"embeddable":true,"href":"https:\/\/www.growretail.com\/ca\/wp-json\/wp\/v2\/comments?post=674"}],"version-history":[{"count":4,"href":"https:\/\/www.growretail.com\/ca\/wp-json\/wp\/v2\/pages\/674\/revisions"}],"predecessor-version":[{"id":682,"href":"https:\/\/www.growretail.com\/ca\/wp-json\/wp\/v2\/pages\/674\/revisions\/682"}],"wp:attachment":[{"href":"https:\/\/www.growretail.com\/ca\/wp-json\/wp\/v2\/media?parent=674"}],"curies":[{"name":"wp","href":"https:\/\/api.w.org\/{rel}","templated":true}]}}