{"id":649,"date":"2025-01-31T11:40:37","date_gmt":"2025-01-31T10:40:37","guid":{"rendered":"https:\/\/www.growretail.com\/politica-de-privacidad\/"},"modified":"2025-04-04T18:10:56","modified_gmt":"2025-04-04T16:10:56","slug":"politica-de-privacitat","status":"publish","type":"page","link":"https:\/\/www.growretail.com\/ca\/politica-de-privacitat\/","title":{"rendered":"Pol\u00edtica de privacitat"},"content":{"rendered":"<div id=\"pl-649\"  class=\"panel-layout\" ><div id=\"pg-649-0\"  class=\"panel-grid panel-no-style\" ><div id=\"pgc-649-0-0\"  class=\"panel-grid-cell\" ><div id=\"panel-649-0-0-0\" class=\"so-panel widget widget_text panel-first-child panel-last-child\" data-index=\"0\" ><div class=\"panel-widget-style panel-widget-style-for-649-0-0-0\" >\t\t\t<div class=\"textwidget\"><p style=\"text-align: justify; color: #666666;\">Per a Grow Retail Expansion, S.L. (d&#8217;ara endavant, \u201cGROW RETAIL\u201d) la privacitat de les persones, tant dels visitants del nostre lloc web www.growretail.com (d&#8217;ara endavant, el \u201cLloc web\u201d) com de qualssevol altres afectats que ens proporcionen informaci\u00f3 a trav\u00e9s del mateix (d&#8217;ara endavant i conjuntament, \u201cvost\u00e8\u201d o el \u201cusuari\u201d i de manera plural, \u201cvost\u00e8s\u201d o els \u201cusuaris\u201d) resulta de summa import\u00e0ncia.<br \/>\nEn aquest sentit, GROW RETAIL es compromet al tractament de les seves dades d&#8217;acord amb la normativa de protecci\u00f3 de dades personals aplicable i en vigor a cada moment. Concretament, GROW RETAIL complir\u00e0 amb les premisses establertes en la Llei org\u00e0nica 3\/2018, de 5 de desembre, de Protecci\u00f3 de Dades Personals i garantia dels drets digitals, aix\u00ed com aquelles del Reglament (UE) 2016\/679, de 27 d&#8217;abril de 2016, del Parlament Europeu i del Consell relatiu a la protecci\u00f3 de les persones f\u00edsiques pel que fa al tractament de dades personals i a la lliure circulaci\u00f3 d&#8217;aquestes dades i pel qual es deroga la Directiva 95\/46\/CE i qualssevol altres regulacions correlatives d&#8217;aplicaci\u00f3 en vigor a cada moment.<br \/>\nLa present Pol\u00edtica de Privacitat resulta d&#8217;aplicaci\u00f3, exclusivament, a aquelles dades personals obtingudes mitjan\u00e7ant els canals de comunicaci\u00f3 disponibles en el Lloc web (incloent amb car\u00e0cter enunciatiu, per\u00f2 no limitatiu, els correus electr\u00f2nics i n\u00fameros de tel\u00e8fon). A col\u00b7locaci\u00f3 amb l&#8217;anterior, instem a tots els usuaris a llegir amb deteniment aquesta Pol\u00edtica de Privacitat a fi d&#8217;informar-se sobre el tractament de les seves dades recollides mitjan\u00e7ant els canals de comunicaci\u00f3 disponibles en el Lloc web. Aix\u00ed mateix, preguem llegir els Principis Generals sobre protecci\u00f3 de dades personals que resulta d&#8217;aplicaci\u00f3 a GROW RETAIL.<br \/>\nSobre la base d&#8217;aix\u00f2, GROW RETAIL informa de la seva Pol\u00edtica de Privacitat amb la finalitat de fer coneixedors als usuaris del Lloc web sobre el tractament de les seves dades:  <\/p>\n<p style=\"text-align: justify; color: #660066;\"><b>1.- Qui \u00e9s el Responsable del tractament de les seves dades?<\/b><\/p>\n<p style=\"text-align: justify; color: #666666;\">Identitat: Grow Retail Expansion, S.L. C.I.F.: B-64244296.<br \/>\nAdre\u00e7a postal i tel\u00e8fon: Carrer Ausi\u00e0s March, n\u00fam. 157-159, Local G, 08013 Barcelona \u2013 Tel. 932 700 015<br \/>\nContacte Delegat de Protecci\u00f3 de Dades: info@growretail.com<\/p>\n<p style=\"text-align: justify; color: #660066;\"><b>2.- Quines s\u00f3n les finalitats del tractament de les seves dades?<\/b><\/p>\n<p style=\"text-align: justify; color: #666666;\">A trav\u00e9s dels correus electr\u00f2nics remesos i\/o crides rebudes, GROW RETAIL recull i tracta les seves dades de car\u00e0cter personal amb la finalitat d&#8217;atendre i gestionar les sol\u00b7licituds, q\u00fcestions i\/o consultes realitzades. En definitiva, prestar-li el servei sol\u00b7licitat.<br \/>\nAix\u00ed mateix, sempre que remeti el seu curriculum vitae o informaci\u00f3 professional, a l&#8217;adre\u00e7a habilitada espec\u00edficament per a aix\u00f2 en el Lloc web (info@growretail.com), tractarem les seves dades amb la finalitat de gestionar el curr\u00edculum i informaci\u00f3 rebuda dels candidats per a processos de selecci\u00f3 presents i\/o futurs. <\/p>\n<p style=\"text-align: justify; color: #660066;\"><b>3.- Quina \u00e9s la legitimaci\u00f3 per al tractament de les seves dades?<\/b><\/p>\n<p style=\"text-align: justify; color: #666666;\">Les bases legals per a l&#8217;atenci\u00f3 i gesti\u00f3 de les sol\u00b7licituds, q\u00fcestions i\/o consultes realitzades s\u00f3n l&#8217;exist\u00e8ncia d&#8217;una relaci\u00f3 precontractual i\/o contractual, si \u00e9s el cas, a m\u00e9s de l&#8217;inter\u00e8s leg\u00edtim de GROW RETAIL. Quant al tractament de les seves dades personals per a gestionar la seva possible candidatura en els processos de selecci\u00f3 de GROW RETAIL, la base legal \u00e9s el seu consentiment atorgat en remetre&#8217;ns el seu curr\u00edculum i informaci\u00f3 personal a la direcci\u00f3 habilitada per a aix\u00f2. \u00c9s a dir, l&#8217;acci\u00f3 de remetre&#8217;ns aquesta informaci\u00f3 constitueix una clara acci\u00f3 afirmativa a tractar les seves dades personals i, considerar-ho com a potencial candidat.  <\/p>\n<p style=\"text-align: justify; color: #660066;\"><b>4.- Per quant temps conservarem les seves dades?<\/b><\/p>\n<p style=\"text-align: justify; color: #666666;\">GROW RETAIL tractar\u00e0 les seves dades personals durant el per\u00edode necessari per a complir amb els fins establerts en aquesta Pol\u00edtica de Privacitat, aix\u00ed com per a conservar la seva informaci\u00f3 personal en compliment de les disposicions de les lleis i normatives pertinents, especialment en relaci\u00f3 als terminis legals de prescripci\u00f3, i per a la formulaci\u00f3, exercici o defensa de reclamacions.<br \/>\nEl criteri que seguim per a aix\u00f2 ve determinat per (a) la finalitat de les dades recopilades i el compliment d&#8217;aquesta fi; (b) les raons per les quals les dades es recopilen: p. ex., en cas de consentiment, vost\u00e8 pot revocar-ho en qualsevol moment, i (c) per\u00edodes d&#8217;emmagatzematge obligats segons els requisits contractuals i normatius.<br \/>\nTingui present que en alguns casos GROW RETAIL podr\u00e0 conservar les seves dades durant el termini necessari per a la formulaci\u00f3, exercici o defensa de reclamacions, requeriments, responsabilitats i obligacions legals, contractuals o deontol\u00f2giques, sempre estant degudament bloquejats.    <\/p>\n<p style=\"text-align: justify; color: #660066;\"><b>5.- Qui podran ser destinataris de la comunicaci\u00f3 de dades?<\/b><\/p>\n<p style=\"text-align: justify; color: #666666;\">L&#8217;informem que les seves dades personals no seran comunicats a tercers sense el seu consentiment expr\u00e9s. No obstant aix\u00f2, a conseq\u00fc\u00e8ncia de la relaci\u00f3 que mant\u00e9 amb nosaltres \u00e9s possible que comuniquem les seves dades a organismes i\/o autoritats competents en els casos que existeixi un requeriment i\/o una obligaci\u00f3 legal. <\/p>\n<p style=\"text-align: justify; color: #660066;\"><b>6.- Qui podr\u00e0 accedir a les seves dades de car\u00e0cter personal?<\/b><\/p>\n<p style=\"text-align: justify; color: #666666;\">Depenent dels fins per als quals es recopila la informaci\u00f3 personal, poden accedir a aquesta informaci\u00f3, indistintament, les seg\u00fcents persones: (a) Personal autoritzat de GROW RETAIL o els seus representants actuant en nom de GROW RETAIL, subjectes a les lleis de protecci\u00f3 de dades que resultin d&#8217;aplicaci\u00f3; (b) autoritats reguladores o altres tercers de conformitat amb les lleis aplicables; (c) tercers\/encarregats del tractament (prove\u00efdors de serveis que tracten informaci\u00f3 com a encarregat de tractament de dades, sota les instruccions de GROW RETAIL). Tot aix\u00f2 nom\u00e9s despr\u00e9s de dur a terme les mesures necess\u00e0ries per a assegurar que podem compartir aquesta informaci\u00f3 i havent celebrat el corresponent contracte per enc\u00e0rrec de tractament, de conformitat amb normativa de protecci\u00f3 de dades.    <\/p>\n<p style=\"text-align: justify; color: #660066;\"><b>7.- Quins s\u00f3n els seus drets quan ens facilita les seves dades?<\/b><\/p>\n<p style=\"text-align: justify; color: #666666;\">Els usuaris poden sol\u00b7licitar els seg\u00fcents drets:<br \/>\n\u2022 Dret a sol\u00b7licitar l&#8217;acc\u00e9s a les dades personals: vost\u00e8 podr\u00e0 preguntar a GROW RETAIL si est\u00e0 tractant les seves dades, i en cas afirmatiu accedir a aquests.<br \/>\n\u2022 Dret a sol\u00b7licitar la seva rectificaci\u00f3 si les dades s\u00f3n inexactes, o completar les dades que tinguem incomplets.<br \/>\n\u2022 Dret a sol\u00b7licitar la supressi\u00f3 de les seves dades.<br \/>\n\u2022 Dret a sol\u00b7licitar la limitaci\u00f3 del seu tractament: en aquest cas \u00fanicament els conservarem per a l&#8217;exercici o la defensa de reclamacions.<br \/>\n\u2022 Dret a oposar-se al tractament: GROW RETAIL deixar\u00e0 de tractar les dades personals, amb l&#8217;excepci\u00f3 que hagin de continuar tractant-se per motius leg\u00edtims o per a l&#8217;exercici o defensa de possibles reclamacions.<br \/>\n\u2022 Dret a la portabilitat de les dades: en cas que l&#8217;usuari vulgui que les seves dades siguin tractades per un altre responsable del tractament, GROW RETAIL li facilitar\u00e0 el transvasament de les seves dades al nou responsable.<br \/>\n\u2022 Dret a no ser objecte d&#8217;una decisi\u00f3 basada \u00fanicament en el tractament automatitzat de les seves dades personals.<\/p>\n<p style=\"text-align: justify; color: #666666;\">Si vost\u00e8 hagu\u00e9s atorgat el consentiment per a alguna finalitat espec\u00edfica, podr\u00e0 retirar el mateix quan ho desitgi, sense que aix\u00f2 afecti la licitud del tractament basat en el consentiment previ a la seva retirada.<br \/>\nPer a l&#8217;exercici dels seus drets, els usuaris hauran d&#8217;enviar una comunicaci\u00f3 per escrit a Grow Retail Expansion, S.L. Carrer Ausi\u00e0s March, n\u00fam. 157-159, Local G, 08013 Barcelona, indicant el seu nom, cognoms, adre\u00e7a o envi\u00ef&#8217;ns un e-mail a: info@growretail.com. Si es t\u00e9 dubtes sobre la seva identitat, podr\u00e0 resultar necessari aportar fotoc\u00f2pia del DNI o document equivalent que acrediti la identitat i sigui considerat v\u00e0lid en dret. Per a aix\u00f2, pot utilitzar els models i formularis sobre els diferents drets que disposa l&#8217;Ag\u00e8ncia Espanyola de Protecci\u00f3 de Dades en la seva p\u00e0gina oficial (https:\/\/www.aepd.es\/reglamento\/derechos\/index.html).<br \/>\nL&#8217;informem del dret que li assisteix a presentar reclamaci\u00f3 davant l&#8217;Autoritat de Control, espec\u00edficament, davant l&#8217;Ag\u00e8ncia Espanyola de Protecci\u00f3 de Dades (https:\/\/sedeagpd.gob.es\/sede-electronica-web\/vistas\/formnuevareclamacion\/reclamacion.jsf), i altres organismes p\u00fablics competents per a qualsevol reclamaci\u00f3 derivada de les seves dades personals.<\/p>\n<p style=\"text-align: justify; color: #660066;\"><b>8.- Com protegim les seves dades personals?<\/b><\/p>\n<p style=\"text-align: justify; color: #666666;\">Amb la finalitat de vetllar per la seguretat de la informaci\u00f3, GROW RETAIL aplica diferents mesures t\u00e8cniques i organitzatives per a garantir el nivell de seguretat adequat de conformitat amb la normativa aplicable. En qualsevol cas, GROW RETAIL prendr\u00e0 mesures t\u00e8cniques i organitzatives adequades, tant en dissenyar el sistema de tractament de les dades com en el moment del propi tractament, per a preservar la seguretat i impedir tractaments no autoritzats. No obstant aix\u00f2, malgrat la implementaci\u00f3 diligent de tals mesures, l&#8217;usuari ha de saber que les mesures de seguretat en Internet no s\u00f3n inexpugnables. GROW RETAIL no \u00e9s responsable d&#8217;actuacions de tercers que, vulnerant aquestes mesures, accedeixin a les esmentades dades i informaci\u00f3.   <\/p>\n<p style=\"text-align: justify; color: #660066;\"><b>9.- Confidencialitat.<\/b><\/p>\n<p style=\"text-align: justify; color: #666666;\">Els professionals que treballen en GROW RETAIL i que tinguessin algun tipus d&#8217;intervenci\u00f3 en els serveis prestats a l&#8217;usuari, estan compromesos a no divulgar ni fer \u00fas de la informaci\u00f3 a la qual hagin accedit. La informaci\u00f3 subministrada per l&#8217;usuari tindr\u00e0, en tot cas, la consideraci\u00f3 de confidencial, sense que pugui ser utilitzada per a altres fins que els relacionats amb la gesti\u00f3 vinculada a les seves sol\u00b7licituds i als serveis requerits a GROW RETAIL , si \u00e9s el cas. En aquest sentit, ens obliguem a no divulgar ni revelar informaci\u00f3 sobre les pretensions de l&#8217;usuari, els motius de l&#8217;assessorament sol\u00b7licitat o la durada de la seva relaci\u00f3 amb aquest.  <\/p>\n<p style=\"text-align: justify; color: #660066;\"><b>10.- Xarxes socials.<\/b><\/p>\n<p style=\"text-align: justify; color: #666666;\">GROW RETAIL t\u00e9 pres\u00e8ncia en algunes de les principals xarxes socials d&#8217;Internet, i de les quals actua com a responsable del tractament en relaci\u00f3 amb les dades publicades per GROW RETAIL.<br \/>\nGROW RETAIL tractar\u00e0 les dades en cada xarxa social segons les normes establertes a aquest efecte per cada xarxa social. Per tant, i mentre no es manifesti el contrari des de GROW RETAIL podrem informar, als nostres seguidors en la xarxa social corresponent de les nostres activitats, esdeveniments, i altres temes relacionats, inclosa l&#8217;atenci\u00f3 al seguidor, pels canals que la xarxa social proporcioni a aquest efecte. <\/p>\n<p style=\"text-align: justify; color: #660066;\"><b>11.- Enlla\u00e7os.<\/b><\/p>\n<p style=\"text-align: justify; color: #666666;\">El Lloc web pot contenir enlla\u00e7os a altres p\u00e0gines webs. Tingui en compte que no som responsables de la privacitat i el tractament de dades d&#8217;altres p\u00e0gines webs. Aquesta Pol\u00edtica de Privacitat \u00e9s aplicable exclusivament a la informaci\u00f3 que es recapta en el Lloc web. Li recomanem que llegeixi les pol\u00edtiques de privacitat i tractament de dades d&#8217;altres p\u00e0gines web amb les quals enlla\u00e7 des del nostre Lloc web o que visiti de qualsevol altre mode.   <\/p>\n<p style=\"text-align: justify; color: #660066;\"><b>12.- Modificacions i integritat de la nostra Pol\u00edtica de Privacitat.<\/b><\/p>\n<p style=\"text-align: justify; color: #666666;\">Nom\u00e9s utilitzarem les seves dades de car\u00e0cter personal segons el que s&#8217;estableix en la Pol\u00edtica de Privacitat que estigui en vigor en el moment en qu\u00e8 recaptem les seves dades de car\u00e0cter personal. GROW RETAIL es reserva el dret a modificar en qualsevol moment aquesta Pol\u00edtica de Privacitat, publicant tals modificacions en el nostre lloc web, per la qual cosa li recomanem que el visiti cada vegada que accedeixi a la Pol\u00edtica de Privacitat. Si en algun moment decidim usar dades personals de mode diferent del que es va declarar en el moment de la seva obtenci\u00f3, li ho comunicarem per correu electr\u00f2nic, sempre que disposem d&#8217;aquest. En aquest moment se li donar\u00e0 l&#8217;opci\u00f3 d&#8217;autoritzar altres usos o divulgacions de les dades personals que vost\u00e8 ens hagu\u00e9s facilitat abans de la modificaci\u00f3 de la nostra Pol\u00edtica de Privacitat.<br \/>\nEn cas que qualsevol cl\u00e0usula de la present Pol\u00edtica de Privacitat fos anul\u00b7lada o considerada nul\u00b7la, la resta de condicions no es veuran afectades, conservant plenament la seva validesa i vig\u00e8ncia, en atenci\u00f3 a la normativa vigent d&#8217;aplicaci\u00f3 a cada moment.   <\/p>\n<p style=\"text-align: justify; color: #660066;\"><b>13.- Informaci\u00f3 addicional.<\/b><\/p>\n<p style=\"text-align: justify; color: #666666;\">Pol\u00edtica sobre \u00fas infantil. Aquest Lloc web no est\u00e0 dissenyat ni dirigit a nens menors de divuit (18) anys, sense autoritzaci\u00f3 dels pares o tutor legal. En aquest sentit, no recopilem deliberadament informaci\u00f3 d&#8217;aquestes persones. En qualsevol cas, si els pares o representants legals consideren que els seus fills ens han rem\u00e8s dades personals, sense el seu consentiment, comuniqui&#8217;s amb nosaltres escrivint a info@growretail.com.<br \/>\nCategoria especial de dades personals. No recaptarem ni tractarem qualssevol dades personals especialment sensibles o inclosos en la categoria especial de dades personals dels usuaris, tret que els mateixos ens els hagin proporcionat expl\u00edcitament.<br \/>\nPresa automatitzada de decisions. No utilitzarem processos automatitzats de presa de decisions, inclosa l&#8217;elaboraci\u00f3 de perfils (profiling), tret que ens hagi autoritzat expl\u00edcitament a fer-ho. En aquest cas, l&#8217;informar\u00edem sobre la l\u00f2gica utilitzada en la decisi\u00f3, aix\u00ed com sobre el significat i les conseq\u00fc\u00e8ncies previstes d&#8217;aquest processament per a vost\u00e8.<br \/>\nActualitzaci\u00f3 de les dades. Resulta fonamental que les dades personals que tenim sobre vost\u00e8 estiguin actualitzats i siguin exactes. Conseq\u00fcentment, preguem que ens comuniqui, de manera immediata, qualsevol modificaci\u00f3 de les seves dades personals, amb la finalitat que la informaci\u00f3 que ostenti GROW RETAIL aquest en tot moment actualitzada i no contingui errors.<br \/>\nConsultes i\/o dubtes relatius a la Pol\u00edtica de Privacitat. Si no ent\u00e9n algun o diversos dels aspectes de la present Pol\u00edtica de Privacitat o t\u00e9 qualsevol dubte sobre aquest tema, preguem que ens remeti un correu electr\u00f2nic a info@growretail.com.<br \/>\nData de l&#8217;\u00faltima actualitzaci\u00f3: febrer de 2025.         <\/p>\n<\/div>\n\t\t<\/div><\/div><\/div><\/div><div id=\"pg-649-1\"  class=\"panel-grid panel-no-style\" ><div id=\"pgc-649-1-0\"  class=\"panel-grid-cell\" ><div id=\"panel-649-1-0-0\" class=\"widget_text so-panel widget widget_custom_html panel-first-child panel-last-child\" data-index=\"1\" ><div class=\"widget_text panel-widget-style panel-widget-style-for-649-1-0-0\" ><div class=\"textwidget custom-html-widget\"><p style=\"text-align: center; font-size: 1em;\"><a href=\"https:\/\/www.growretail.com\/ca\/politica-de-privacitat\/\">Pol\u00edtica de privacitat<\/a> - <a href=\"https:\/\/www.growretail.com\/ca\/politica-de-galetes\/\">Pol\u00edtica de galetes<\/a> - <a href=\"https:\/\/www.growretail.com\/ca\/nota-legal\/\">Nota legal<\/a><\/p><\/div><\/div><\/div><\/div><\/div><\/div>","protected":false},"excerpt":{"rendered":"<p>Per a Grow Retail Expansion, S.L. (d&#8217;ara endavant, \u201cGROW RETAIL\u201d) la privacitat de les persones, tant dels visitants del nostre lloc web www.growretail.com (d&#8217;ara endavant, el \u201cLloc web\u201d) com de qualssevol altres afectats que ens proporcionen informaci\u00f3 a trav\u00e9s del mateix (d&#8217;ara endavant i conjuntament, \u201cvost\u00e8\u201d o el \u201cusuari\u201d i de manera plural, \u201cvost\u00e8s\u201d o [&hellip;]<\/p>\n","protected":false},"author":6,"featured_media":0,"parent":0,"menu_order":0,"comment_status":"closed","ping_status":"closed","template":"","meta":{"footnotes":""},"class_list":["post-649","page","type-page","status-publish","hentry"],"_links":{"self":[{"href":"https:\/\/www.growretail.com\/ca\/wp-json\/wp\/v2\/pages\/649","targetHints":{"allow":["GET"]}}],"collection":[{"href":"https:\/\/www.growretail.com\/ca\/wp-json\/wp\/v2\/pages"}],"about":[{"href":"https:\/\/www.growretail.com\/ca\/wp-json\/wp\/v2\/types\/page"}],"author":[{"embeddable":true,"href":"https:\/\/www.growretail.com\/ca\/wp-json\/wp\/v2\/users\/6"}],"replies":[{"embeddable":true,"href":"https:\/\/www.growretail.com\/ca\/wp-json\/wp\/v2\/comments?post=649"}],"version-history":[{"count":4,"href":"https:\/\/www.growretail.com\/ca\/wp-json\/wp\/v2\/pages\/649\/revisions"}],"predecessor-version":[{"id":657,"href":"https:\/\/www.growretail.com\/ca\/wp-json\/wp\/v2\/pages\/649\/revisions\/657"}],"wp:attachment":[{"href":"https:\/\/www.growretail.com\/ca\/wp-json\/wp\/v2\/media?parent=649"}],"curies":[{"name":"wp","href":"https:\/\/api.w.org\/{rel}","templated":true}]}}