{"id":636,"date":"2025-01-31T12:07:14","date_gmt":"2025-01-31T11:07:14","guid":{"rendered":"https:\/\/www.growretail.com\/politica-de-cookies\/"},"modified":"2025-04-04T17:27:59","modified_gmt":"2025-04-04T15:27:59","slug":"politica-de-galetes","status":"publish","type":"page","link":"https:\/\/www.growretail.com\/ca\/politica-de-galetes\/","title":{"rendered":"Pol\u00edtica de galetes"},"content":{"rendered":"<div id=\"pl-636\"  class=\"panel-layout\" ><div id=\"pg-636-0\"  class=\"panel-grid panel-no-style\" ><div id=\"pgc-636-0-0\"  class=\"panel-grid-cell\" ><div id=\"panel-636-0-0-0\" class=\"so-panel widget widget_text panel-first-child panel-last-child\" data-index=\"0\" >\t\t\t<div class=\"textwidget\"><p style=\"text-align: justify; color: #666666; font-size: normal;\">Grow Retail Expansion, S.L. (d&#8217;ara endavant \u201cGrow Retail\u201d), amb C.I.F. B-64244296, el domicili social de la qual es troba al Carrer Ausi\u00e0s March, n\u00fam. 157-159, Local G, 08013 Barcelona, utilitza en la p\u00e0gina web https:\/\/www.growretail.com (d&#8217;ara endavant, el \u201cLloc web\u201d o el \u201cPortal\u201d) una tecnologia denominada \u201cgaletes\u201d.<br \/>\nLa present pol\u00edtica de galetes t\u00e9 per finalitat informar-lo de manera clara i precisa sobre les galetes que s&#8217;utilitzen en el nostre Lloc web.<br \/>\nEn la seva primera visita a la nostra web se l&#8217;informa de l&#8217;exist\u00e8ncia de galetesi de la present pol\u00edtica de galetes. En futures visites pot consultar la nostra pol\u00edtica en qualsevol moment en la part inferior de la web (\u201cPol\u00edtica de Galetes\u201d). Amb la mera navegaci\u00f3 est\u00e0 consentint la instal\u00b7laci\u00f3 de les galetes de les quals l&#8217;informem en la present pol\u00edtica de galetes (tret que hagi modificat la configuraci\u00f3 del seu navegador per a rebutjar cookies).<br \/>\nUna galeta \u00e9s un fitxer que es descarrega en el seu ordinador en accedir a determinades p\u00e0gines web. Les galetes permeten a una p\u00e0gina web, entre altres coses, emmagatzemar i recuperar informaci\u00f3 sobre els h\u00e0bits de navegaci\u00f3 d&#8217;un usuari o del seu equip i, depenent de la informaci\u00f3 que continguin i de la forma en qu\u00e8 utilitzi el seu equip, poden utilitzar-se per a recon\u00e8ixer a l&#8217;usuari. <\/p>\n<p style=\"text-align: justify; color: #660066; font-size: large;\">Les galetes que Grow Retail utilitza en el Lloc web s\u00f3n les seg\u00fcents:<\/p>\n<p>*  <u>Galetes anal\u00edtiques de tercers:<\/u> En el nostre Lloc web tamb\u00e9 utilitzem el sistema de mesurament d&#8217;audi\u00e8ncia Google Analytics, una eina d&#8217;an\u00e0lisi web de Google Inc que ens permet con\u00e8ixer com interactuen els usuaris del nostre Lloc web. Aix\u00ed mateix, habilita galetes en el domini del lloc en el qual es troba l&#8217;usuari i utilitza un conjunt de galetes la finalitat de les quals \u00e9s recopilar informaci\u00f3 de manera an\u00f2nima i elaborar informes de tend\u00e8ncies del Lloc web sense identificar a usuaris individuals. Google Analytics no proporciona a Grow Retail informaci\u00f3 sobre l&#8217;adre\u00e7a IP real de l&#8217;usuari: nom\u00e9s li facilita informaci\u00f3 estad\u00edstica consistent en visites (visitants \u00fanics, nombre de p\u00e0gines vistes, p\u00e0gina\/vista, durada mitjana de la visita, % de rebot, % de visites noves, visitants nous i recurrents, freq\u00fc\u00e8ncia i visites recents, interaccions, p\u00e0gines visitades), dades demogr\u00e0fiques (idioma, pa\u00eds\/territori, ciutat), sistema (navegador, sistema operatiu, prove\u00efdor d&#8217;acc\u00e9s a Internet, categoria de dispositiu), font\/medio. En concret s\u00f3n utilitzades les seg\u00fcents galetes:   <\/p>\n<ul>\n<li><span style=\"text-align: justify; font-size: normal;\">__utma: \u00c9s una de les galetes principals establertes pel servei de Google Analytics que permet als propietaris de llocs web rastrejar el comportament del visitant i mesurar el rendiment del Lloc web. Aquesta galeta t\u00e9 una durada de 2 anys per defecte i distingeix entre els usuaris i sessions. S&#8217;utilitza per a calcular les estad\u00edstiques de visitants nous i recurrents. La galeta s&#8217;actualitza cada vegada que les dades s&#8217;envien a Google Analytics. La vida \u00fatil de la galeta pot ser personalitzada pel propietari del lloc web.    <\/span><\/li>\n<li><span style=\"text-align: justify; font-size: normal;\">__utmc: Aquesta galeta permet rastrejar el comportament del visitant i mesurar el rendiment del lloc. No s&#8217;utilitza en la majoria de les p\u00e0gines web, per\u00f2 s&#8217;estableix per a permetre la interoperabilitat amb la versi\u00f3 anterior del codi de Google Analytics conegut com Urchin. <\/span><\/li>\n<li><span style=\"text-align: justify; font-size: normal;\">__utmt: Aquesta galeta l&#8217;estableix Google Analytics i la seva finalitat \u00e9s minimitzar la taxa de sol\u00b7licitud del servei, limitant la recollida de dades en els llocs de tr\u00e0nsit alt.<\/span><\/li>\n<li><span style=\"text-align: justify; font-size: normal;\">__utmz: \u00c9s una galeta que forma part del servei de Google Analytics que permet als propietaris de llocs web realitzar un seguiment del comportament dels visitants i del rendiment del lloc. Aquesta galeta identifica la font de tr\u00e0nsit al lloc, per la qual cosa Google Analytics pot proporcionar informaci\u00f3 als propietaris de llocs d&#8217;on procedeixen els visitants de la web. <\/span><\/li>\n<\/ul>\n<p><span style=\"text-align: justify; color: #666666; font-size: normal;\">Aquestes galetes no s\u00f3n necess\u00e0ries per a la navegaci\u00f3 en el Lloc web, de manera que \u00fanicament s&#8217;instal\u00b7lar\u00e0 en cas que l&#8217;usuari consenti el seu \u00fas.<\/span><br \/>\n<span style=\"text-align: justify; color: #666666; font-size: normal;\">Incloem a continuaci\u00f3 l&#8217;enlla\u00e7 al lloc web de Google on pot consultar informaci\u00f3 addicional sobre la descripci\u00f3 del tipus de galetes que utilitza Google Analitycs i el seu per\u00edode d&#8217;expiraci\u00f3:<\/span><br \/>\n<span style=\"text-align: justify; font-size: normal;\"><a href=\"https:\/\/developers.google.com\/analytics\/devguides\/collection\/analyticsjs\/cookie-usage?hl=es\" target=\"blank\">https:\/\/developers.google.com\/analytics\/devguides\/collection\/analyticsjs\/cookie-usage?hl=es<\/a><\/span><\/p>\n<p><span style=\"text-align: justify; font-size: normal;\">L&#8217;Usuari podr\u00e0 configurar, lliurement i en qualsevol moment, els seus par\u00e0metres de privacitat, en relaci\u00f3 a la instal\u00b7laci\u00f3 de galetes, a trav\u00e9s del seu navegador. Aquests procediments estan sotmesos a actualitzaci\u00f3 o modificaci\u00f3 per part dels desenvolupadors dels navegadors, per la qual cosa no podem garantir que s&#8217;ajustin completament a l&#8217;\u00faltima versi\u00f3 disponible a cada moment. <\/span><\/p>\n<p><span style=\"text-align: justify; font-size: normal;\">Per a m\u00e9s informaci\u00f3 sobre configuraci\u00f3 de galetes d&#8217;Internet Explorer premi <a href=\"https:\/\/support.microsoft.com\/es-es\/search?query=how%20to%20manage%20cookies%20in%20internet%20explorer\" target=\"blank\">aqu\u00ed<\/a>.<\/span><br \/>\n<span style=\"text-align: justify; font-size: normal;\">Per a m\u00e9s informaci\u00f3 sobre configuraci\u00f3 de galetes de Firefox premi <a href=\"https:\/\/support.mozilla.org\/es\/kb\/configuracion-privacidad-historial-navegacion-funcion-no-quiero-ser-rastreado?redirectlocale=en-US&amp;redirectslug=Options+window+-+Privacy+panel\" target=\"blank\">aqu\u00ed<\/a>.<\/span><br \/>\n<span style=\"text-align: justify; font-size: normal;\">Per a m\u00e9s informaci\u00f3 sobre configuraci\u00f3 de galetes de Chrome premi <a href=\"https:\/\/support.google.com\/chrome\/answer\/95647?hl=es\" target=\"blank\">aqu\u00ed<\/a>.<\/span><br \/>\n<span style=\"text-align: justify; font-size: normal;\">Per a m\u00e9s informaci\u00f3 sobre configuraci\u00f3 de galetes de Safari premi <a href=\"https:\/\/support.apple.com\/es-es\/guide\/safari\/ibrw850f6c51\/mac\" target=\"blank\">aqu\u00ed<\/a>.<\/span><br \/>\n<span style=\"text-align: justify; font-size: normal;\">En cas que l&#8217;Usuari decideixi desactivar totes les galetes, la qualitat i rapidesa del servei podria disminuir i, fins i tot, podria perdre l&#8217;acc\u00e9s a alguns dels serveis o seccions oferts en el Portal.<\/span><br \/>\n<span style=\"text-align: justify; font-size: normal;\">Pot trobar m\u00e9s informaci\u00f3 sobre galetes a: <a href=\"https:\/\/www.allaboutcookies.org\" target=\"blank\">www.allaboutcookies.org<\/a> o <a href=\"https:\/\/www.youronlinechoices.eu\" target=\"blank\">www.youronlinechoices.eu<\/a>.<\/span><br \/>\n<span style=\"text-align: justify; font-size: normal;\">Si t\u00e9 dubtes sobre aquesta pol\u00edtica de galetes, pot contactar amb Grow Retail a info@growretail.com o al tel\u00e8fon 932 700 015.<\/span><\/p>\n<\/div>\n\t\t<\/div><\/div><\/div><div id=\"pg-636-1\"  class=\"panel-grid panel-no-style\" ><div id=\"pgc-636-1-0\"  class=\"panel-grid-cell\" ><div id=\"panel-636-1-0-0\" class=\"widget_text so-panel widget widget_custom_html panel-first-child panel-last-child\" data-index=\"1\" ><div class=\"widget_text panel-widget-style panel-widget-style-for-636-1-0-0\" ><div class=\"textwidget custom-html-widget\"><p style=\"text-align: center; font-size: 1em;\"><a href=\"https:\/\/www.growretail.com\/ca\/politica-de-privacitat\/\">Pol\u00edtica de privacitat<\/a> - <a href=\"https:\/\/www.growretail.com\/ca\/politica-de-galetes\/\">Pol\u00edtica de galetes<\/a> - <a href=\"https:\/\/www.growretail.com\/ca\/nota-legal\/\">Nota legal<\/a><\/p><\/div><\/div><\/div><\/div><\/div><\/div>","protected":false},"excerpt":{"rendered":"<p>Grow Retail Expansion, S.L. (d&#8217;ara endavant \u201cGrow Retail\u201d), amb C.I.F. B-64244296, el domicili social de la qual es troba al Carrer Ausi\u00e0s March, n\u00fam. 157-159, Local G, 08013 Barcelona, utilitza en la p\u00e0gina web https:\/\/www.growretail.com (d&#8217;ara endavant, el \u201cLloc web\u201d o el \u201cPortal\u201d) una tecnologia denominada \u201cgaletes\u201d. La present pol\u00edtica de galetes t\u00e9 per finalitat [&hellip;]<\/p>\n","protected":false},"author":6,"featured_media":0,"parent":0,"menu_order":0,"comment_status":"closed","ping_status":"closed","template":"","meta":{"footnotes":""},"class_list":["post-636","page","type-page","status-publish","hentry"],"_links":{"self":[{"href":"https:\/\/www.growretail.com\/ca\/wp-json\/wp\/v2\/pages\/636","targetHints":{"allow":["GET"]}}],"collection":[{"href":"https:\/\/www.growretail.com\/ca\/wp-json\/wp\/v2\/pages"}],"about":[{"href":"https:\/\/www.growretail.com\/ca\/wp-json\/wp\/v2\/types\/page"}],"author":[{"embeddable":true,"href":"https:\/\/www.growretail.com\/ca\/wp-json\/wp\/v2\/users\/6"}],"replies":[{"embeddable":true,"href":"https:\/\/www.growretail.com\/ca\/wp-json\/wp\/v2\/comments?post=636"}],"version-history":[{"count":5,"href":"https:\/\/www.growretail.com\/ca\/wp-json\/wp\/v2\/pages\/636\/revisions"}],"predecessor-version":[{"id":644,"href":"https:\/\/www.growretail.com\/ca\/wp-json\/wp\/v2\/pages\/636\/revisions\/644"}],"wp:attachment":[{"href":"https:\/\/www.growretail.com\/ca\/wp-json\/wp\/v2\/media?parent=636"}],"curies":[{"name":"wp","href":"https:\/\/api.w.org\/{rel}","templated":true}]}}