{"id":625,"date":"2025-01-31T11:51:09","date_gmt":"2025-01-31T10:51:09","guid":{"rendered":"https:\/\/www.growretail.com\/aviso-legal\/"},"modified":"2025-04-04T17:29:50","modified_gmt":"2025-04-04T15:29:50","slug":"nota-legal","status":"publish","type":"page","link":"https:\/\/www.growretail.com\/ca\/nota-legal\/","title":{"rendered":"Nota Legal"},"content":{"rendered":"<div id=\"pl-625\"  class=\"panel-layout\" ><div id=\"pg-625-0\"  class=\"panel-grid panel-no-style\" ><div id=\"pgc-625-0-0\"  class=\"panel-grid-cell\" ><div id=\"panel-625-0-0-0\" class=\"so-panel widget widget_text panel-first-child panel-last-child\" data-index=\"0\" >\t\t\t<div class=\"textwidget\"><p style=\"text-align: justify; color: #660066; font-size: large;\">Titularitat de la P\u00e0gina Web:<\/p>\n<p style=\"text-align: justify; color: #666666; font-size: normal;\">D&#8217;acord amb el que es disposa en l&#8217;article 10 de la Llei 34\/2002, d&#8217;11 de juliol, de Serveis de la Societat de la Informaci\u00f3 i de Comer\u00e7 Electr\u00f2nic (d&#8217;ara endavant, \u201cLSSI\u201d), posem en el seu coneixement que la p\u00e0gina https:\/\/www.growretail.com (d&#8217;ara endavant, el \u201cLlocWeb\u201d o el \u201cPortal\u201d) \u00e9s operada per Grow Retail Expansion, S.L. (d&#8217;ara endavant \u2018Grow Retail\u2019), amb C.I.F. B-64244296, el domicili social de la qual es troba al carrer Ausi\u00e0s March, n\u00fam. 157-159, Local G, 08013 Barcelona.<\/p>\n<p style=\"text-align: justify; color: #660066; font-size: large;\">\u00das del Portal:<\/p>\n<p style=\"text-align: justify; color: #666666; font-size: normal;\">El present Av\u00eds Legal, estableix les condicions que regulen la utilitzaci\u00f3 dels serveis de la societat de la informaci\u00f3 que Grow Retail posa a la disposici\u00f3 dels usuaris a trav\u00e9s del Lloc web. Els aspectes relatius al tractament de les dades personals dels usuaris amb motiu de l&#8217;\u00fas del Lloc web es troben regulats en la Pol\u00edtica de Privacitat.<br \/>\nD&#8217;aquesta manera, l&#8217;acc\u00e9s i \u00fas del Lloc web suposen que l&#8217;usuari del mateix (d&#8217;ara endavant, el \u201cUsuari\u201d) accepta \u00edntegrament i s&#8217;obliga a complir per complet la present NotaLegal, la Pol\u00edtica de Privacitat, aix\u00ed com les instruccions o recomanacions que se li indiquin en cada cas concret.<\/p>\n<p>L&#8217;acc\u00e9s al Lloc web \u00e9s gratu\u00eft, excepte en el relatiu al cost de connexi\u00f3 a trav\u00e9s de la xarxa de telecomunicacions subministrada pel prove\u00efdor d&#8217;acc\u00e9s que hagu\u00e9s contractat l&#8217;Usuari.<br \/>\nGrow Retail es reserva la facultat d&#8217;efectuar, en qualsevol moment i sense necessitat de previ av\u00eds, modificacions i actualitzacions del Lloc web i els seus continguts, configuraci\u00f3 i presentaci\u00f3, inclosa aquesta Nota Legal, per la qual cosa recomanem la seva lectura abans de cada acc\u00e9s i navegaci\u00f3 pel Portal.<br \/>\nL&#8217;Usuari es compromet a no utilitzar el Lloc web amb finalitats fraudulentes, aix\u00ed com a no dur a terme cap conducta que pogu\u00e9s malmetre la imatge, els interessos i els drets de Grow Retail o de tercers, obligant-se a utilitzar el Portal, els serveis i els continguts inclosos en el mateix de manera diligent, correcta i l\u00edcita. En particular, l&#8217;Usuari es compromet a abstenir-se de: suprimir, eludir o manipular el &#8220;copyright&#8221; i altres dades identificatives dels drets dels seus titulars incorporats als continguts del Portal, aix\u00ed com els dispositius t\u00e8cnics de protecci\u00f3, o qualsevol mecanismes d&#8217;informaci\u00f3 que poguessin incloure aquests continguts. Aix\u00ed mateix, l&#8217;Usuari es compromet a no realitzar cap acte a fi de danyar, inutilitzar o sobrecarregar el Lloc web, o que imped\u00eds, de qualsevol forma, la normal utilitzaci\u00f3 i funcionament d&#8217;aquest.<br \/>\nEn cas que incompleixi aquesta Nota Legal, o en Grow Retail sospitem raonablement que l&#8217;est\u00e0 incomplint, Grow Retail es reserva el dret a limitar, suspendre o acabar el seu acc\u00e9s al Lloc web, adoptant qualsevol mesura t\u00e8cnica que sigui necess\u00e0ria amb aquesta finalitat. Aix\u00ed mateix, Grow Retail es reserva la facultat de decidir, en qualsevol moment, sobre la continu\u00eftat dels serveis que presta a trav\u00e9s del Portal.   <\/p>\n<p style=\"text-align: justify; color: #660066; font-size: large;\">Propietat intel\u00b7lectual i industrial:<\/p>\n<p style=\"text-align: justify; color: #666666; font-size: normal;\">Els drets de propietat intel\u00b7lectual sobre la disposici\u00f3 dels continguts del Lloc web (incl\u00f2s el dret sui generis sobre la base de dades), el seu disseny gr\u00e0fic (look &amp; feel), els signes distintius (marques i noms comercials), els programes d&#8217;ordinador subjacents (inclosos els codis font), aix\u00ed com els diferents elements que integren el Portal (textos, gr\u00e0fics, fotografies, v\u00eddeos, etc.) corresponen a Grow Retail, o disposa si \u00e9s el cas del dret d&#8217;\u00fas i explotaci\u00f3 d&#8217;aquests, i en tal sentit constitueixen obres protegides per la legislaci\u00f3 de propietat intel\u00b7lectual i industrial vigents.<br \/>\nL&#8217;\u00fas del Lloc web per l&#8217;Usuari de cap manera suposa la cessi\u00f3 de cap dret de propietat intel\u00b7lectual i\/o industrial sobre el Portal, els seus continguts i\/o els signes distintius de Grow Retail. A aquest efecte, mitjan\u00e7ant la present Nota Legal, excepte en aquells sup\u00f2sits en els quals estigui legalment perm\u00e8s, queda expressament prohibit a l&#8217;Usuari la reproducci\u00f3, transformaci\u00f3, distribuci\u00f3, comunicaci\u00f3 p\u00fablica, posada a disposici\u00f3, extracci\u00f3 i\/o reutilitzaci\u00f3 del Lloc web, els seus continguts i\/o els signes distintius de Grow Retail. <\/p>\n<p style=\"text-align: justify; color: #660066; font-size: large;\">Limitaci\u00f3 de Responsabilitat:<\/p>\n<p style=\"text-align: justify; color: #666666; font-size: normal;\">L&#8217;Usuari reconeix i accepta que l&#8217;\u00fas del Lloc web es realitza en tot moment sota el seu sencer risc i responsabilitat, per la qual cosa Grow Retail no es responsabilitza del mal \u00fas o \u00fas indegut que pugui realitzar-se del Portal. A aquest efecte, Grow Retail \u00fanicament ser\u00e0 responsable dels danys que l&#8217;Usuari pugui sofrir per l&#8217;\u00fas del Lloc web, quan aquests danys estiguin recollits en la legislaci\u00f3 vigent.<br \/>\nEn particular, Grow Retail no ser\u00e0 responsable de: <\/p>\n<ul>\n<li><span style=\"text-align: justify; color: #666666; font-size: normal;\">El contingut dels llocs enlla\u00e7ats a trav\u00e9s dels links inclosos dins del Lloc web. Referent a aix\u00f2, resultaran d&#8217;aplicaci\u00f3 els termes recollits en l&#8217;apartat Enlla\u00e7os de la present Nota Legal. <\/span><\/li>\n<li><span style=\"text-align: justify; color: #666666; font-size: normal;\">Els danys i perjudicis de qualsevol tipus causats en els equips inform\u00e0tics de l&#8217;Usuari per virus, cucs, troians o qualsevol altre element nociu. L&#8217;Usuari reconeix que l&#8217;\u00fas de la xarxa Internet suposa l&#8217;assumpci\u00f3 d&#8217;un risc que els seus equips inform\u00e0tics puguin ser afectats pels elements abans enunciats. A aquest efecte, correspon a l&#8217;Usuari, en tot cas, la disponibilitat d&#8217;eines adequades per a la detecci\u00f3 i eliminaci\u00f3 de programes electr\u00f2nics nocius.  <\/span><\/li>\n<li><span style=\"text-align: justify; color: #666666; font-size: normal;\">Els danys i perjudicis de qualsevol tipus produ\u00efts a l&#8217;Usuari que portin causa en fallades o desconnexions en les xarxes de telecomunicacions que produeixin la suspensi\u00f3, cancel\u00b7laci\u00f3 o interrupci\u00f3 del servei del Lloc web durant la prestaci\u00f3 del mateix o amb car\u00e0cter previ. Referent a aix\u00f2, l&#8217;Usuari reconeix que l&#8217;acc\u00e9s al Portal requereix de serveis subministrats per tercers aliens al control de Grow Retail (per exemple: operadors de xarxes de telecomunicacions, prove\u00efdors d&#8217;acc\u00e9s, etc.) la fiabilitat del qual, qualitat, continu\u00eftat i funcionament no correspon a Grow Retail. <\/span><\/li>\n<\/ul>\n<p style=\"text-align: justify; color: #660066; font-size: large;\">Enlla\u00e7os (Links):<\/p>\n<p style=\"text-align: justify; color: #666666; font-size: normal;\">El Lloc web pot incloure enlla\u00e7os (links) que permeten a l&#8217;Usuari accedir a altres p\u00e0gines i portals d&#8217;Internet (d&#8217;ara endavant, \u201cLlocs Enlla\u00e7ats\u201d). En aquests casos, Grow Retail actua com un prestador de serveis d&#8217;intermediaci\u00f3 de conformitat amb l&#8217;article 17 de la LSSI, i nom\u00e9s ser\u00e0 responsable dels continguts i serveis subministrats en els Llocs Enlla\u00e7ats en la mesura en qu\u00e8 tingui coneixement efectiu de la il\u00b7licitud i no hagi desactivat l&#8217;enlla\u00e7 amb la dilig\u00e8ncia deguda. En el cas que l&#8217;Usuari consideri que existeix un Lloc Enlla\u00e7at amb continguts il\u00b7l\u00edcits o inadequats, preguem que el comuniqui a Grow Retail a trav\u00e9s d&#8217;info@growretail.com. En cap cas, aquesta comunicaci\u00f3 comportar\u00e0 l&#8217;obligaci\u00f3 de retirar el corresponent enlla\u00e7.<br \/>\nL&#8217;exist\u00e8ncia de Llocs Enlla\u00e7ats de cap manera implica que Grow Retail t\u00e9 coneixement efectiu o de cap altre tipus dels serveis i continguts dels mateixos en cas d&#8217;il\u00b7licitud, ni que mantingui necess\u00e0riament acords amb els responsables o titulars dels Llocs Enlla\u00e7ats. Tampoc comporta l&#8217;exist\u00e8ncia d&#8217;aquests links recomanaci\u00f3, promoci\u00f3, identificaci\u00f3 o conformitat de Grow Retail amb les manifestacions, continguts o serveis prove\u00efts a trav\u00e9s dels Llocs Enlla\u00e7ats. En conseq\u00fc\u00e8ncia, Grow Retail no es fa responsable del contingut dels Llocs Enlla\u00e7ats, ni de les seves condicions d&#8217;\u00fas i pol\u00edtiques de confidencialitat, sent l&#8217;Usuari l&#8217;\u00fanic responsable de comprovar-los i acceptar-los cada vegada que accedeixi i els usi.<br \/>\nL&#8217;Usuari i, en general, qualsevol persona f\u00edsica o jur\u00eddica que es proposi establir un enlla\u00e7 des de la seva p\u00e0gina o lloc al Portal, haur\u00e0 d&#8217;obtenir una autoritzaci\u00f3 pr\u00e8via i per escrit de Grow Retail. L&#8217;establiment d&#8217;aquest enlla\u00e7, no implica en cap cas l&#8217;exist\u00e8ncia de relacions entre Grow Retail i el propietari o titular del lloc o p\u00e0gina en la qual s&#8217;estableixi el mateix, ni l&#8217;acceptaci\u00f3 o aprovaci\u00f3 per part de Grow Retail dels seus continguts o serveis.<br \/>\nEn qualsevol cas, Grow Retail es reserva el dret a prohibir o inutilitzar en qualsevol moment els enlla\u00e7os al Lloc web, especialment en els sup\u00f2sits d&#8217;il\u00b7licitud de l&#8217;activitat o continguts de la p\u00e0gina o lloc en el qual s&#8217;inclou el mateix.      <\/p>\n<p style=\"text-align: justify; color: #660066; font-size: large;\">Generalitats:<\/p>\n<p style=\"text-align: justify; color: #666666; font-size: normal;\">L&#8217;\u00fas del Lloc web est\u00e0 regit i interpretat d&#8217;acord amb la llei espanyola i s&#8217;entendr\u00e0 que, per l&#8217;\u00fas del Portal, l&#8217;Usuari est\u00e0 d&#8217;acord que qualsevol conflicte o litigi que sorgeixi entre l&#8217;usuari i Grow Retail ser\u00e0 tractat pels jutjats i tribunals de Barcelona ciutat, competents d&#8217;acord amb la legislaci\u00f3 aplicable.<br \/>\nEn el cas que alguna de les disposicions contingudes en la present Nota Legal sigui declarada nul\u00b7la, es procedir\u00e0 a la retirada o substituci\u00f3 d&#8217;aquesta. En qualsevol cas, aquesta declaraci\u00f3 de nul\u00b7litat no afectar\u00e0 la validesa de la resta de disposicions recollides en la present Nota Legal. <\/p>\n<\/div>\n\t\t<\/div><\/div><\/div><div id=\"pg-625-1\"  class=\"panel-grid panel-no-style\" ><div id=\"pgc-625-1-0\"  class=\"panel-grid-cell\" ><div id=\"panel-625-1-0-0\" class=\"widget_text so-panel widget widget_custom_html panel-first-child panel-last-child\" data-index=\"1\" ><div class=\"widget_text panel-widget-style panel-widget-style-for-625-1-0-0\" ><div class=\"textwidget custom-html-widget\"><p style=\"text-align: center; font-size: 1em;\"><a href=\"https:\/\/www.growretail.com\/ca\/politica-de-privacitat\/\">Pol\u00edtica de privacitat<\/a> - <a href=\"https:\/\/www.growretail.com\/ca\/politica-de-galetes\/\">Pol\u00edtica de galetes<\/a> - <a href=\"https:\/\/www.growretail.com\/ca\/nota-legal\/\">Nota legal<\/a><\/p><\/div><\/div><\/div><\/div><\/div><\/div>","protected":false},"excerpt":{"rendered":"<p>Titularitat de la P\u00e0gina Web: D&#8217;acord amb el que es disposa en l&#8217;article 10 de la Llei 34\/2002, d&#8217;11 de juliol, de Serveis de la Societat de la Informaci\u00f3 i de Comer\u00e7 Electr\u00f2nic (d&#8217;ara endavant, \u201cLSSI\u201d), posem en el seu coneixement que la p\u00e0gina https:\/\/www.growretail.com (d&#8217;ara endavant, el \u201cLlocWeb\u201d o el \u201cPortal\u201d) \u00e9s operada per [&hellip;]<\/p>\n","protected":false},"author":6,"featured_media":0,"parent":0,"menu_order":0,"comment_status":"closed","ping_status":"closed","template":"","meta":{"footnotes":""},"class_list":["post-625","page","type-page","status-publish","hentry"],"_links":{"self":[{"href":"https:\/\/www.growretail.com\/ca\/wp-json\/wp\/v2\/pages\/625","targetHints":{"allow":["GET"]}}],"collection":[{"href":"https:\/\/www.growretail.com\/ca\/wp-json\/wp\/v2\/pages"}],"about":[{"href":"https:\/\/www.growretail.com\/ca\/wp-json\/wp\/v2\/types\/page"}],"author":[{"embeddable":true,"href":"https:\/\/www.growretail.com\/ca\/wp-json\/wp\/v2\/users\/6"}],"replies":[{"embeddable":true,"href":"https:\/\/www.growretail.com\/ca\/wp-json\/wp\/v2\/comments?post=625"}],"version-history":[{"count":2,"href":"https:\/\/www.growretail.com\/ca\/wp-json\/wp\/v2\/pages\/625\/revisions"}],"predecessor-version":[{"id":632,"href":"https:\/\/www.growretail.com\/ca\/wp-json\/wp\/v2\/pages\/625\/revisions\/632"}],"wp:attachment":[{"href":"https:\/\/www.growretail.com\/ca\/wp-json\/wp\/v2\/media?parent=625"}],"curies":[{"name":"wp","href":"https:\/\/api.w.org\/{rel}","templated":true}]}}