{"id":617,"date":"2025-01-29T19:10:27","date_gmt":"2025-01-29T18:10:27","guid":{"rendered":"https:\/\/www.growretail.com\/perque-grow\/"},"modified":"2025-04-03T19:17:01","modified_gmt":"2025-04-03T17:17:01","slug":"perque-grow","status":"publish","type":"page","link":"https:\/\/www.growretail.com\/ca\/perque-grow\/","title":{"rendered":"Perqu\u00e8 Grow?"},"content":{"rendered":"<div id=\"pl-617\"  class=\"panel-layout\" ><div id=\"pg-617-0\"  class=\"panel-grid panel-no-style\" ><div id=\"pgc-617-0-0\"  class=\"panel-grid-cell\" ><div id=\"panel-617-0-0-0\" class=\"so-panel widget widget_sow-image panel-first-child panel-last-child\" data-index=\"0\" ><div\n\t\t\t\n\t\t\tclass=\"so-widget-sow-image so-widget-sow-image-default-c67d20f9f743-617\"\n\t\t\t\n\t\t>\n<div class=\"sow-image-container\">\n\t\t<img \n\tsrc=\"https:\/\/www.growretail.com\/wp-content\/uploads\/2025\/03\/PorqueAbansGrowRetail-1200x400-1.jpg\" width=\"1200\" height=\"400\" srcset=\"https:\/\/www.growretail.com\/wp-content\/uploads\/2025\/03\/PorqueAbansGrowRetail-1200x400-1.jpg 1200w, https:\/\/www.growretail.com\/wp-content\/uploads\/2025\/03\/PorqueAbansGrowRetail-1200x400-1-300x100.jpg 300w, https:\/\/www.growretail.com\/wp-content\/uploads\/2025\/03\/PorqueAbansGrowRetail-1200x400-1-1024x341.jpg 1024w, https:\/\/www.growretail.com\/wp-content\/uploads\/2025\/03\/PorqueAbansGrowRetail-1200x400-1-768x256.jpg 768w, https:\/\/www.growretail.com\/wp-content\/uploads\/2025\/03\/PorqueAbansGrowRetail-1200x400-1-904x301.jpg 904w\" sizes=\"(max-width: 1200px) 100vw, 1200px\" title=\"Porque Grow Retail\" alt=\"\" \t\tclass=\"so-widget-image\"\/>\n\t<\/div>\n\n<\/div><\/div><\/div><\/div><div id=\"pg-617-1\"  class=\"panel-grid panel-no-style\" ><div id=\"pgc-617-1-0\"  class=\"panel-grid-cell\" ><div id=\"panel-617-1-0-0\" class=\"so-panel widget widget_text panel-first-child panel-last-child\" data-index=\"1\" >\t\t\t<div class=\"textwidget\"><p style=\"text-align: justify; color: #666666; font-size: normal;\">La millor carta de presentaci\u00f3 de <span style=\"color: #660066;\"><b>GROW RETAIL<\/b><\/span> \u00e9s la recomanaci\u00f3 dels nostres clients, que suposa el vector principal del nostre desenvolupament. La major part dels nostres projectes s\u00f3n fruit de recomanacions de clients anteriors. En s\u00edntesi, els principals motius que ens diferencien i que configuren la nostra oferta de valor s\u00f3n els seg\u00fcents:<\/p>\n<\/div>\n\t\t<\/div><\/div><\/div><div id=\"pg-617-2\"  class=\"panel-grid panel-has-style\" ><div class=\"panel-row-style panel-row-style-for-617-2\" ><div id=\"pgc-617-2-0\"  class=\"panel-grid-cell\" ><div id=\"panel-617-2-0-0\" class=\"so-panel widget widget_text panel-first-child panel-last-child\" data-index=\"2\" >\t\t\t<div class=\"textwidget\"><p style=\"text-align: justify; color: #660066; font-size: normal;\"><b>Valors i principis d\u2019actuaci\u00f3<\/b><br \/>\n<span style=\"color: #666666;\">* Especialitzaci\u00f3 en RETAIL<br \/>\n* Objectivitat i claredat<br \/>\n* Responsabilitat<br \/>\n* Talent<br \/>\n* Rigor<br \/>\n* Integritat i independ\u00e8ncia de criteri<br \/>\n* Iniciativa<br \/>\n* Flexibilitat<br \/>\n* Treball en equip<\/span><\/p>\n<p style=\"text-align: justify; color: #660066; font-size: normal;\"><b>Metodolog\u00eda<\/b><br \/>\n<span style=\"color: #666666;\">Desarrollamos metodolog\u00eda adhoc cuando es necesario, con un enfoque en funci\u00f3n de las necesidades del proyecto.<\/span><\/p>\n<p style=\"text-align: justify; color: #660066; font-size: normal;\"><b>Experi\u00e8ncia i empat\u00eda<\/b><br \/>\n<span style=\"color: #666666;\">La major part de l\u2019equip ha desenvolupat un lloc molt rellevant de les seves carreres professionals amb \u00e8xit i en llocs directius de diverses companyies del sector de retail i immobiliari. Aix\u00f2 ens permet identificar-nos amb els clients pel fet d\u2019haver estat durant anys \u201cal mateix costat de la taula\u201d i haver hagut d\u2019afrontar situacions, processos de decisi\u00f3 i riscos similars. Per aix\u00f2, aconseguim mimetitzar-nos amb les seves preocupacions i interessos des de la perspectiva del rigor, la integritat i la independ\u00e8ncia de criteri com a assessors externs. <\/span><\/p>\n<p style=\"text-align: justify; color: #660066; font-size: normal;\"><b>Ratio valor\/preu<\/b><br \/>\n<span style=\"color: #666666;\">Aportem un alt valor als nostres clients mantenint una r\u00e0tio valor\/preu que s\u2019adapti a les seves necessitats.<\/span><\/p>\n<\/div>\n\t\t<\/div><\/div><\/div><\/div><div id=\"pg-617-3\"  class=\"panel-grid panel-no-style\" ><div id=\"pgc-617-3-0\"  class=\"panel-grid-cell\" ><div id=\"panel-617-3-0-0\" class=\"widget_text so-panel widget widget_custom_html panel-first-child panel-last-child\" data-index=\"3\" ><div class=\"widget_text panel-widget-style panel-widget-style-for-617-3-0-0\" ><div class=\"textwidget custom-html-widget\"><p style=\"text-align: center; font-size: 1em;\"><a href=\"https:\/\/www.growretail.com\/ca\/politica-de-privacitat\/\">Pol\u00edtica de privacitat<\/a> - <a href=\"https:\/\/www.growretail.com\/ca\/politica-de-galetes\/\">Pol\u00edtica de galetes<\/a> - <a href=\"https:\/\/www.growretail.com\/ca\/nota-legal\/\">Nota legal<\/a><\/p>\n<\/div><\/div><\/div><\/div><\/div><\/div>","protected":false},"excerpt":{"rendered":"<p>La millor carta de presentaci\u00f3 de GROW RETAIL \u00e9s la recomanaci\u00f3 dels nostres clients, que suposa el vector principal del nostre desenvolupament. La major part dels nostres projectes s\u00f3n fruit de recomanacions de clients anteriors. En s\u00edntesi, els principals motius que ens diferencien i que configuren la nostra oferta de valor s\u00f3n els seg\u00fcents:<\/p>\n","protected":false},"author":6,"featured_media":0,"parent":0,"menu_order":0,"comment_status":"closed","ping_status":"closed","template":"","meta":{"footnotes":""},"class_list":["post-617","page","type-page","status-publish","hentry"],"_links":{"self":[{"href":"https:\/\/www.growretail.com\/ca\/wp-json\/wp\/v2\/pages\/617","targetHints":{"allow":["GET"]}}],"collection":[{"href":"https:\/\/www.growretail.com\/ca\/wp-json\/wp\/v2\/pages"}],"about":[{"href":"https:\/\/www.growretail.com\/ca\/wp-json\/wp\/v2\/types\/page"}],"author":[{"embeddable":true,"href":"https:\/\/www.growretail.com\/ca\/wp-json\/wp\/v2\/users\/6"}],"replies":[{"embeddable":true,"href":"https:\/\/www.growretail.com\/ca\/wp-json\/wp\/v2\/comments?post=617"}],"version-history":[{"count":5,"href":"https:\/\/www.growretail.com\/ca\/wp-json\/wp\/v2\/pages\/617\/revisions"}],"predecessor-version":[{"id":633,"href":"https:\/\/www.growretail.com\/ca\/wp-json\/wp\/v2\/pages\/617\/revisions\/633"}],"wp:attachment":[{"href":"https:\/\/www.growretail.com\/ca\/wp-json\/wp\/v2\/media?parent=617"}],"curies":[{"name":"wp","href":"https:\/\/api.w.org\/{rel}","templated":true}]}}